{"id":20,"date":"2021-12-02T10:43:57","date_gmt":"2021-12-02T10:43:57","guid":{"rendered":"https:\/\/plasticprojects.dk\/?page_id=20"},"modified":"2025-10-30T12:47:29","modified_gmt":"2025-10-30T12:47:29","slug":"genbrugsplast-plader-genanvendt-plastik","status":"publish","type":"page","link":"https:\/\/plasticprojects.dk\/","title":{"rendered":"Hjem"},"content":{"rendered":"\n<div class=\"wp-block-cover alignfull is-light is-style-default mt-0\" style=\"min-height:921px;aspect-ratio:unset;\"><video class=\"wp-block-cover__video-background intrinsic-ignore\" autoplay muted loop playsinline src=\"https:\/\/plasticprojects.dk\/wp-content\/uploads\/2022\/06\/3d_sheet.mp4\" style=\"object-position:50% 49%\" data-object-fit=\"cover\" data-object-position=\"50% 49%\"><\/video><span aria-hidden=\"true\" class=\"wp-block-cover__background has-white-background-color has-background-dim-0 has-background-dim\"><\/span><div class=\"wp-block-cover__inner-container is-layout-flow wp-block-cover-is-layout-flow\">\n<p class=\"has-text-align-center has-white-color has-text-color has-larger-font-size has-custom-weight has-custom-transform has-custom-lineheight has-custom-letterspacing\" style=\"letter-spacing:3px;line-height:2.5;font-weight:normal;text-transform:lowercase;font-size:100px\"><strong>\u00c6stetisk genbrugsplast<\/strong><br><\/p>\n<\/div><\/div>\n\n\n\n<div class=\"wp-block-media-text alignwide is-stacked-on-mobile is-vertically-aligned-top is-style-default\" style=\"grid-template-columns:49% auto\"><figure class=\"wp-block-media-text__media\"><a href=\"https:\/\/plasticprojects.dk\/\"><img loading=\"lazy\" decoding=\"async\" width=\"1024\" height=\"768\" src=\"https:\/\/plasticprojects.dk\/wp-content\/uploads\/2023\/04\/1ABDEA6D-652D-42B8-A18B-5B580D30C7B0_1_105_c.jpeg\" alt=\"Se genbrugsplast plader\" class=\"wp-image-1063 size-full\" srcset=\"https:\/\/plasticprojects.dk\/wp-content\/uploads\/2023\/04\/1ABDEA6D-652D-42B8-A18B-5B580D30C7B0_1_105_c.jpeg 1024w, https:\/\/plasticprojects.dk\/wp-content\/uploads\/2023\/04\/1ABDEA6D-652D-42B8-A18B-5B580D30C7B0_1_105_c-600x450.jpeg 600w, https:\/\/plasticprojects.dk\/wp-content\/uploads\/2023\/04\/1ABDEA6D-652D-42B8-A18B-5B580D30C7B0_1_105_c-1000x750.jpeg 1000w, https:\/\/plasticprojects.dk\/wp-content\/uploads\/2023\/04\/1ABDEA6D-652D-42B8-A18B-5B580D30C7B0_1_105_c-300x225.jpeg 300w, https:\/\/plasticprojects.dk\/wp-content\/uploads\/2023\/04\/1ABDEA6D-652D-42B8-A18B-5B580D30C7B0_1_105_c-768x576.jpeg 768w\" sizes=\"auto, (max-width: 1024px) 100vw, 1024px\" \/><\/a><\/figure><div class=\"wp-block-media-text__content\">\n<h3 class=\"wp-block-heading has-arial-font-family has-custom-font\" style=\"font-size:65px;font-family:Arial\"><a href=\"https:\/\/plasticprojects.dk\/index.php\/genbrugs-plast-plader\/\">Genbrugsplast plader <\/a><\/h3>\n\n\n\n<p class=\"has-text-align-left\" style=\"font-size:35px\">Vi laver genbrugsplastplader med fokus p\u00e5 ren genanvendelse og sp\u00e6ndende m\u00f8nstre<br><\/p>\n<\/div><\/div>\n\n\n\n<div class=\"wp-block-media-text alignwide has-media-on-the-right is-stacked-on-mobile is-vertically-aligned-top\" style=\"grid-template-columns:auto 49%\"><div class=\"wp-block-media-text__content\">\n<h3 class=\"wp-block-heading has-arial-font-family has-custom-font\" style=\"font-size:65px;font-family:Arial\"><a href=\"https:\/\/plasticprojects.dk\/index.php\/projects\/\">Projekter <\/a><\/h3>\n\n\n\n<p style=\"font-size:35px\">Genbrugsplastplader er et alsidigt materiale der kan bruges til mange forskellige projekter og produkter<br><\/p>\n<\/div><figure class=\"wp-block-media-text__media\"><img loading=\"lazy\" decoding=\"async\" width=\"683\" height=\"1024\" src=\"https:\/\/plasticprojects.dk\/wp-content\/uploads\/2023\/05\/UNADJUSTEDNONRAW_thumb_657-683x1024.jpg\" alt=\"Bord i genbrugsplast genanvendt plastik \" class=\"wp-image-1145 size-full\" srcset=\"https:\/\/plasticprojects.dk\/wp-content\/uploads\/2023\/05\/UNADJUSTEDNONRAW_thumb_657-683x1024.jpg 683w, https:\/\/plasticprojects.dk\/wp-content\/uploads\/2023\/05\/UNADJUSTEDNONRAW_thumb_657-200x300.jpg 200w, https:\/\/plasticprojects.dk\/wp-content\/uploads\/2023\/05\/UNADJUSTEDNONRAW_thumb_657-600x900.jpg 600w, https:\/\/plasticprojects.dk\/wp-content\/uploads\/2023\/05\/UNADJUSTEDNONRAW_thumb_657.jpg 724w\" sizes=\"auto, (max-width: 683px) 100vw, 683px\" \/><\/figure><\/div>\n\n\n\n<div class=\"wp-block-media-text alignwide is-stacked-on-mobile is-vertically-aligned-top\"><figure class=\"wp-block-media-text__media\"><img loading=\"lazy\" decoding=\"async\" width=\"1024\" height=\"768\" src=\"https:\/\/plasticprojects.dk\/wp-content\/uploads\/2022\/11\/UNADJUSTEDNONRAW_thumb_4a7.jpg\" alt=\"Vores mission \" class=\"wp-image-773 size-full\" srcset=\"https:\/\/plasticprojects.dk\/wp-content\/uploads\/2022\/11\/UNADJUSTEDNONRAW_thumb_4a7.jpg 1024w, https:\/\/plasticprojects.dk\/wp-content\/uploads\/2022\/11\/UNADJUSTEDNONRAW_thumb_4a7-600x450.jpg 600w, https:\/\/plasticprojects.dk\/wp-content\/uploads\/2022\/11\/UNADJUSTEDNONRAW_thumb_4a7-1000x750.jpg 1000w, https:\/\/plasticprojects.dk\/wp-content\/uploads\/2022\/11\/UNADJUSTEDNONRAW_thumb_4a7-300x225.jpg 300w, https:\/\/plasticprojects.dk\/wp-content\/uploads\/2022\/11\/UNADJUSTEDNONRAW_thumb_4a7-768x576.jpg 768w\" sizes=\"auto, (max-width: 1024px) 100vw, 1024px\" \/><\/figure><div class=\"wp-block-media-text__content\">\n<h3 class=\"wp-block-heading has-arial-font-family has-custom-font\" style=\"font-size:65px;font-family:Arial\"><a href=\"https:\/\/plasticprojects.dk\/index.php\/learn-about-plastic-projects\/\">Om os<\/a><a href=\"https:\/\/plasticprojects.dk\/index.php\/learn-about-plastic-projects\/\"><\/a><\/h3>\n\n\n\n<p style=\"font-size:41px\">Vores mission er at skabe mere v\u00e6rdi omkring plastik ved at skabe smukke produkter og plader i genanvendt plastik <\/p>\n<\/div><\/div>\n","protected":false},"excerpt":{"rendered":"<p>Genbrugsplast plader Vi laver genbrugsplastplader med fokus p\u00e5 ren genanvendelse og sp\u00e6ndende m\u00f8nstre Projekter Genbrugsplastplader er et alsidigt materiale der kan bruges til mange forskellige projekter og produkter Om os Vores mission er at skabe mere v\u00e6rdi omkring plastik ved at skabe smukke produkter og plader i genanvendt plastik<\/p>\n","protected":false},"author":3,"featured_media":0,"parent":0,"menu_order":0,"comment_status":"closed","ping_status":"closed","template":"elementor_theme","meta":{"_coblocks_attr":"Arvo,,Arial","_coblocks_dimensions":"","_coblocks_responsive_height":"","_coblocks_accordion_ie_support":"","inline_featured_image":false,"footnotes":""},"class_list":["post-20","page","type-page","status-publish","hentry","missing-thumbnail"],"yoast_head":"<!-- This site is optimized with the Yoast SEO plugin v21.6 - https:\/\/yoast.com\/wordpress\/plugins\/seo\/ -->\n<title>Plastic Projects - Hjem - \u00c6stetisk genbrugsplastik<\/title>\n<meta name=\"description\" content=\"I Plastic Projects producerer vi genbrugsplast plader af genanvendt plastik. Vi fokuserer p\u00e5 \u00e6stetik b\u00e6redygtighed og genbrug\" \/>\n<meta name=\"robots\" content=\"index, follow, max-snippet:-1, max-image-preview:large, max-video-preview:-1\" \/>\n<link rel=\"canonical\" href=\"https:\/\/plasticprojects.dk\/\" \/>\n<meta property=\"og:locale\" content=\"en_US\" \/>\n<meta property=\"og:type\" content=\"article\" \/>\n<meta property=\"og:title\" content=\"Plastic Projects - Hjem - \u00c6stetisk genbrugsplastik\" \/>\n<meta property=\"og:description\" content=\"I Plastic Projects producerer vi genbrugsplast plader af genanvendt plastik. Vi fokuserer p\u00e5 \u00e6stetik b\u00e6redygtighed og genbrug\" \/>\n<meta property=\"og:url\" content=\"https:\/\/plasticprojects.dk\/\" \/>\n<meta property=\"og:site_name\" content=\"Plastic Projects\" \/>\n<meta property=\"article:modified_time\" content=\"2025-10-30T12:47:29+00:00\" \/>\n<meta property=\"og:image\" content=\"https:\/\/plasticprojects.dk\/wp-content\/uploads\/2023\/04\/1ABDEA6D-652D-42B8-A18B-5B580D30C7B0_1_105_c.jpeg\" \/>\n<meta name=\"twitter:card\" content=\"summary_large_image\" \/>\n<meta name=\"twitter:label1\" content=\"Est. reading time\" \/>\n\t<meta name=\"twitter:data1\" content=\"2 minutes\" \/>\n<script type=\"application\/ld+json\" class=\"yoast-schema-graph\">{\"@context\":\"https:\/\/schema.org\",\"@graph\":[{\"@type\":\"WebPage\",\"@id\":\"https:\/\/plasticprojects.dk\/\",\"url\":\"https:\/\/plasticprojects.dk\/\",\"name\":\"Plastic Projects - Hjem - \u00c6stetisk genbrugsplastik\",\"isPartOf\":{\"@id\":\"https:\/\/plasticprojects.dk\/#website\"},\"datePublished\":\"2021-12-02T10:43:57+00:00\",\"dateModified\":\"2025-10-30T12:47:29+00:00\",\"description\":\"I Plastic Projects producerer vi genbrugsplast plader af genanvendt plastik. Vi fokuserer p\u00e5 \u00e6stetik b\u00e6redygtighed og genbrug\",\"breadcrumb\":{\"@id\":\"https:\/\/plasticprojects.dk\/#breadcrumb\"},\"inLanguage\":\"en-US\",\"potentialAction\":[{\"@type\":\"ReadAction\",\"target\":[\"https:\/\/plasticprojects.dk\/\"]}]},{\"@type\":\"BreadcrumbList\",\"@id\":\"https:\/\/plasticprojects.dk\/#breadcrumb\",\"itemListElement\":[{\"@type\":\"ListItem\",\"position\":1,\"name\":\"Home\",\"item\":\"https:\/\/plasticprojects.dk\/\"},{\"@type\":\"ListItem\",\"position\":2,\"name\":\"Hjem\"}]},{\"@type\":\"WebSite\",\"@id\":\"https:\/\/plasticprojects.dk\/#website\",\"url\":\"https:\/\/plasticprojects.dk\/\",\"name\":\"Plastic Projects\",\"description\":\"\u00c6stetisk genbrugsplast\",\"publisher\":{\"@id\":\"https:\/\/plasticprojects.dk\/#organization\"},\"potentialAction\":[{\"@type\":\"SearchAction\",\"target\":{\"@type\":\"EntryPoint\",\"urlTemplate\":\"https:\/\/plasticprojects.dk\/?s={search_term_string}\"},\"query-input\":\"required name=search_term_string\"}],\"inLanguage\":\"en-US\"},{\"@type\":\"Organization\",\"@id\":\"https:\/\/plasticprojects.dk\/#organization\",\"name\":\"Plastic Projects\",\"url\":\"https:\/\/plasticprojects.dk\/\",\"logo\":{\"@type\":\"ImageObject\",\"inLanguage\":\"en-US\",\"@id\":\"https:\/\/plasticprojects.dk\/#\/schema\/logo\/image\/\",\"url\":\"https:\/\/plasticprojects.dk\/wp-content\/uploads\/2023\/06\/UNADJUSTEDNONRAW_thumb_66e.jpg\",\"contentUrl\":\"https:\/\/plasticprojects.dk\/wp-content\/uploads\/2023\/06\/UNADJUSTEDNONRAW_thumb_66e.jpg\",\"width\":768,\"height\":1024,\"caption\":\"Plastic Projects\"},\"image\":{\"@id\":\"https:\/\/plasticprojects.dk\/#\/schema\/logo\/image\/\"},\"sameAs\":[\"https:\/\/www.instagram.com\/plasticprojects_\/\",\"https:\/\/www.linkedin.com\/company\/plastic-projects\/?viewAsMember=true\"]}]}<\/script>\n<!-- \/ Yoast SEO plugin. -->","yoast_head_json":{"title":"Plastic Projects - Hjem - \u00c6stetisk genbrugsplastik","description":"I Plastic Projects producerer vi genbrugsplast plader af genanvendt plastik. Vi fokuserer p\u00e5 \u00e6stetik b\u00e6redygtighed og genbrug","robots":{"index":"index","follow":"follow","max-snippet":"max-snippet:-1","max-image-preview":"max-image-preview:large","max-video-preview":"max-video-preview:-1"},"canonical":"https:\/\/plasticprojects.dk\/","og_locale":"en_US","og_type":"article","og_title":"Plastic Projects - Hjem - \u00c6stetisk genbrugsplastik","og_description":"I Plastic Projects producerer vi genbrugsplast plader af genanvendt plastik. Vi fokuserer p\u00e5 \u00e6stetik b\u00e6redygtighed og genbrug","og_url":"https:\/\/plasticprojects.dk\/","og_site_name":"Plastic Projects","article_modified_time":"2025-10-30T12:47:29+00:00","og_image":[{"url":"https:\/\/plasticprojects.dk\/wp-content\/uploads\/2023\/04\/1ABDEA6D-652D-42B8-A18B-5B580D30C7B0_1_105_c.jpeg"}],"twitter_card":"summary_large_image","twitter_misc":{"Est. reading time":"2 minutes"},"schema":{"@context":"https:\/\/schema.org","@graph":[{"@type":"WebPage","@id":"https:\/\/plasticprojects.dk\/","url":"https:\/\/plasticprojects.dk\/","name":"Plastic Projects - Hjem - \u00c6stetisk genbrugsplastik","isPartOf":{"@id":"https:\/\/plasticprojects.dk\/#website"},"datePublished":"2021-12-02T10:43:57+00:00","dateModified":"2025-10-30T12:47:29+00:00","description":"I Plastic Projects producerer vi genbrugsplast plader af genanvendt plastik. Vi fokuserer p\u00e5 \u00e6stetik b\u00e6redygtighed og genbrug","breadcrumb":{"@id":"https:\/\/plasticprojects.dk\/#breadcrumb"},"inLanguage":"en-US","potentialAction":[{"@type":"ReadAction","target":["https:\/\/plasticprojects.dk\/"]}]},{"@type":"BreadcrumbList","@id":"https:\/\/plasticprojects.dk\/#breadcrumb","itemListElement":[{"@type":"ListItem","position":1,"name":"Home","item":"https:\/\/plasticprojects.dk\/"},{"@type":"ListItem","position":2,"name":"Hjem"}]},{"@type":"WebSite","@id":"https:\/\/plasticprojects.dk\/#website","url":"https:\/\/plasticprojects.dk\/","name":"Plastic Projects","description":"\u00c6stetisk genbrugsplast","publisher":{"@id":"https:\/\/plasticprojects.dk\/#organization"},"potentialAction":[{"@type":"SearchAction","target":{"@type":"EntryPoint","urlTemplate":"https:\/\/plasticprojects.dk\/?s={search_term_string}"},"query-input":"required name=search_term_string"}],"inLanguage":"en-US"},{"@type":"Organization","@id":"https:\/\/plasticprojects.dk\/#organization","name":"Plastic Projects","url":"https:\/\/plasticprojects.dk\/","logo":{"@type":"ImageObject","inLanguage":"en-US","@id":"https:\/\/plasticprojects.dk\/#\/schema\/logo\/image\/","url":"https:\/\/plasticprojects.dk\/wp-content\/uploads\/2023\/06\/UNADJUSTEDNONRAW_thumb_66e.jpg","contentUrl":"https:\/\/plasticprojects.dk\/wp-content\/uploads\/2023\/06\/UNADJUSTEDNONRAW_thumb_66e.jpg","width":768,"height":1024,"caption":"Plastic Projects"},"image":{"@id":"https:\/\/plasticprojects.dk\/#\/schema\/logo\/image\/"},"sameAs":["https:\/\/www.instagram.com\/plasticprojects_\/","https:\/\/www.linkedin.com\/company\/plastic-projects\/?viewAsMember=true"]}]}},"featured_image_src":null,"featured_image_src_square":null,"_links":{"self":[{"href":"https:\/\/plasticprojects.dk\/index.php\/wp-json\/wp\/v2\/pages\/20","targetHints":{"allow":["GET"]}}],"collection":[{"href":"https:\/\/plasticprojects.dk\/index.php\/wp-json\/wp\/v2\/pages"}],"about":[{"href":"https:\/\/plasticprojects.dk\/index.php\/wp-json\/wp\/v2\/types\/page"}],"author":[{"embeddable":true,"href":"https:\/\/plasticprojects.dk\/index.php\/wp-json\/wp\/v2\/users\/3"}],"replies":[{"embeddable":true,"href":"https:\/\/plasticprojects.dk\/index.php\/wp-json\/wp\/v2\/comments?post=20"}],"version-history":[{"count":135,"href":"https:\/\/plasticprojects.dk\/index.php\/wp-json\/wp\/v2\/pages\/20\/revisions"}],"predecessor-version":[{"id":1291,"href":"https:\/\/plasticprojects.dk\/index.php\/wp-json\/wp\/v2\/pages\/20\/revisions\/1291"}],"wp:attachment":[{"href":"https:\/\/plasticprojects.dk\/index.php\/wp-json\/wp\/v2\/media?parent=20"}],"curies":[{"name":"wp","href":"https:\/\/api.w.org\/{rel}","templated":true}]}}