{"id":26,"date":"2021-12-02T10:53:51","date_gmt":"2021-12-02T10:53:51","guid":{"rendered":"https:\/\/plasticprojects.dk\/?page_id=26"},"modified":"2024-06-06T10:36:15","modified_gmt":"2024-06-06T10:36:15","slug":"sporgsmal-om-genbrugsplastplader","status":"publish","type":"page","link":"https:\/\/plasticprojects.dk\/index.php\/sporgsmal-om-genbrugsplastplader\/","title":{"rendered":"Kontakt"},"content":{"rendered":"\n<h2 class=\"wp-block-heading alignwide has-custom-weight\" style=\"font-weight:normal\">Vi ved meget om genbrugsplast og genanvendelse. Har du nogen sp\u00f8rgsm\u00e5l om pladerne, m\u00f8nstrene eller hvordan du arbejder med pladerne, s\u00e5 kontakt os endelig<\/h2>\n\n\n\n<div class=\"wp-block-media-text alignwide has-media-on-the-right is-stacked-on-mobile is-vertically-aligned-top\"><div class=\"wp-block-media-text__content\">\n<h2 class=\"wp-block-heading has-text-align-left\">Kontakt information<\/h2>\n\n\n\n<p class=\"has-text-align-left\"><strong>Plastic Projects APS <\/strong><\/p>\n\n\n\n<p class=\"has-text-align-left\">Colbj\u00f8rnsensgade 12 <\/p>\n\n\n\n<p class=\"has-text-align-left\">K\u00f8bebhavn V <\/p>\n\n\n\n<p class=\"has-text-align-left\">Mail: info@plasticprojects.dk<\/p>\n\n\n\n<p class=\"has-text-align-left\">Tlf: 42745274<\/p>\n\n\n<div class=\"wp-block-coblocks-social wp-block-coblocks-social-profiles has-text-align-left has-colors\" ><ul><li>\n\t\t\t\t\t<a href=\"https:\/\/www.instagram.com\/plasticprojects_\/\" class=\"wp-block-button__link wp-block-coblocks-social__button wp-block-coblocks-social__button--instagram     has-padding\" title=\"Instagram\" style=\"border-radius: 40px;\" >\n\t\t\t\t\t\t<span class=\"wp-block-coblocks-social__icon\" style=\"\"><\/span>\n\t\t\t\t\t\t<span class=\"wp-block-coblocks-social__text\">Instagram<\/span>\n\t\t\t\t\t<\/a>\n\t\t\t\t<\/li><\/ul><\/div>\n\n\n<p><\/p>\n<\/div><figure class=\"wp-block-media-text__media\"><img loading=\"lazy\" decoding=\"async\" width=\"768\" height=\"1024\" src=\"https:\/\/plasticprojects.dk\/wp-content\/uploads\/2023\/04\/IMG_5791-768x1024.jpeg\" alt=\"Sp\u00f8rgsm\u00e5l til vores genbrugsplastplader?\" class=\"wp-image-896 size-full\" srcset=\"https:\/\/plasticprojects.dk\/wp-content\/uploads\/2023\/04\/IMG_5791-768x1024.jpeg 768w, https:\/\/plasticprojects.dk\/wp-content\/uploads\/2023\/04\/IMG_5791-scaled-600x800.jpeg 600w, https:\/\/plasticprojects.dk\/wp-content\/uploads\/2023\/04\/IMG_5791-scaled-1000x1333.jpeg 1000w, https:\/\/plasticprojects.dk\/wp-content\/uploads\/2023\/04\/IMG_5791-225x300.jpeg 225w, https:\/\/plasticprojects.dk\/wp-content\/uploads\/2023\/04\/IMG_5791-1152x1536.jpeg 1152w, https:\/\/plasticprojects.dk\/wp-content\/uploads\/2023\/04\/IMG_5791-1536x2048.jpeg 1536w, https:\/\/plasticprojects.dk\/wp-content\/uploads\/2023\/04\/IMG_5791-1200x1600.jpeg 1200w, https:\/\/plasticprojects.dk\/wp-content\/uploads\/2023\/04\/IMG_5791-1860x2480.jpeg 1860w, https:\/\/plasticprojects.dk\/wp-content\/uploads\/2023\/04\/IMG_5791-scaled.jpeg 1920w\" sizes=\"auto, (max-width: 768px) 100vw, 768px\" \/><\/figure><\/div>\n\n\n\n\t\t<div class=\"coblocks-form\" id=\"abbab2d88cca57532b6bab0bfb7f233b520bcf64\">\n\n\t\t\t\n\t\t\t<form action=\"https:\/\/plasticprojects.dk\/index.php\/sporgsmal-om-genbrugsplastplader\/#abbab2d88cca57532b6bab0bfb7f233b520bcf64\" method=\"post\">\n\t\t\t\t\n<div class=\"wp-block-coblocks-form\"><label class=\"coblocks-label\">Navn<\/label>\n\t\t<input type=\"hidden\" name=\"field-navn[label]\" value=\"Navn\">\n\n\t\t\t\t<input type=\"hidden\" id=\"name-field-id\" name=\"name-field-id\" class=\"coblocks-name-field-id\" value=\"field-navn\" \/>\n\t\t\n\t\t<input type=\"text\" id=\"navn\" name=\"field-navn[value]\" class=\"coblocks-field coblocks-field--name\"  \/>\n\n\t\t\n\n<label class=\"coblocks-label\">Email <span class=\"required\">&#042;<\/span><\/label>\n\t\t<input type=\"hidden\" name=\"field-email[label]\" value=\"Email\">\n\n\t\t\n\t\t<input type=\"hidden\" id=\"email-field-id\" name=\"email-field-id\" class=\"coblocks-email-field-id\" value=\"field-email\" \/>\n\t\t<input type=\"email\" id=\"email\" aria-label=\"Email\" name=\"field-email[value]\" class=\"coblocks-field coblocks-field--email\" required \/>\n\n\t\t\n\n<label class=\"coblocks-label\">Message <span class=\"required\">&#042;<\/span><\/label>\n\t\t<input type=\"hidden\" name=\"field-message[label]\" value=\"Message\">\n\n\t\t\n\t\t<textarea name=\"field-message[value]\" aria-label=\"Message\" id=\"message\" class=\"coblocks-field coblocks-textarea\" rows=\"20\" required><\/textarea>\n\n\t\t\n\n\n\t\t<div class=\"coblocks-form__submit wp-block-button\">\n\t\t\t<button type=\"submit\" class=\"wp-block-button__link\" style=\"\">Kontakt os<\/button>\n\t\t\t<input type=\"hidden\" id=\"form-submit\" name=\"form-submit\" value=\"3f970ee863\" \/><input type=\"hidden\" name=\"_wp_http_referer\" value=\"\/index.php\/wp-json\/wp\/v2\/pages\/26\" \/>\t\t\t<input type=\"hidden\" name=\"action\" value=\"coblocks-form-submit\">\n\n\t\t\t\t\t<\/div>\n\n\t\t<\/div>\n\t\t\t\t<input class=\"coblocks-field verify\" aria-label=\"Enter your email address to verify\" type=\"email\" name=\"coblocks-verify-email\" autocomplete=\"off\" placeholder=\"Email\" tabindex=\"-1\">\n\t\t\t\t<input type=\"hidden\" name=\"form-hash\" value=\"abbab2d88cca57532b6bab0bfb7f233b520bcf64\">\n\n\t\t\t\t\t\t\t<\/form>\n\n\t\t<\/div>\n\n\t\t","protected":false},"excerpt":{"rendered":"<p>Vi ved meget om genbrugsplast og genanvendelse. Har du nogen sp\u00f8rgsm\u00e5l om pladerne, m\u00f8nstrene eller hvordan du arbejder med pladerne, s\u00e5 kontakt os endelig<\/p>\n","protected":false},"author":3,"featured_media":0,"parent":0,"menu_order":0,"comment_status":"closed","ping_status":"closed","template":"","meta":{"_coblocks_attr":"Arial","_coblocks_dimensions":"","_coblocks_responsive_height":"","_coblocks_accordion_ie_support":"","inline_featured_image":false,"footnotes":""},"class_list":["post-26","page","type-page","status-publish","hentry","missing-thumbnail"],"yoast_head":"<!-- This site is optimized with the Yoast SEO plugin v21.6 - https:\/\/yoast.com\/wordpress\/plugins\/seo\/ -->\n<title>Sp\u00f8rgsm\u00e5l til vores genbrugsplastplader?<\/title>\n<meta name=\"description\" content=\"Vi har meget erfaring med genbrugsplast og at oms\u00e6tte pladerne til forskellige produkter. Hvis du har nogen sp\u00f8rgsm\u00e5l s\u00e5 kontakt os endelig\" \/>\n<meta name=\"robots\" content=\"index, follow, max-snippet:-1, max-image-preview:large, max-video-preview:-1\" \/>\n<link rel=\"canonical\" href=\"https:\/\/plasticprojects.dk\/index.php\/sporgsmal-om-genbrugsplastplader\/\" \/>\n<meta property=\"og:locale\" content=\"en_US\" \/>\n<meta property=\"og:type\" content=\"article\" \/>\n<meta property=\"og:title\" content=\"Sp\u00f8rgsm\u00e5l til vores genbrugsplastplader?\" \/>\n<meta property=\"og:description\" content=\"Vi har meget erfaring med genbrugsplast og at oms\u00e6tte pladerne til forskellige produkter. Hvis du har nogen sp\u00f8rgsm\u00e5l s\u00e5 kontakt os endelig\" \/>\n<meta property=\"og:url\" content=\"https:\/\/plasticprojects.dk\/index.php\/sporgsmal-om-genbrugsplastplader\/\" \/>\n<meta property=\"og:site_name\" content=\"Plastic Projects\" \/>\n<meta property=\"article:modified_time\" content=\"2024-06-06T10:36:15+00:00\" \/>\n<meta property=\"og:image\" content=\"https:\/\/plasticprojects.dk\/wp-content\/uploads\/2023\/04\/IMG_5791-768x1024.jpeg\" \/>\n<meta name=\"twitter:card\" content=\"summary_large_image\" \/>\n<meta name=\"twitter:label1\" content=\"Est. reading time\" \/>\n\t<meta name=\"twitter:data1\" content=\"1 minute\" \/>\n<script type=\"application\/ld+json\" class=\"yoast-schema-graph\">{\"@context\":\"https:\/\/schema.org\",\"@graph\":[{\"@type\":\"WebPage\",\"@id\":\"https:\/\/plasticprojects.dk\/index.php\/sporgsmal-om-genbrugsplastplader\/\",\"url\":\"https:\/\/plasticprojects.dk\/index.php\/sporgsmal-om-genbrugsplastplader\/\",\"name\":\"Sp\u00f8rgsm\u00e5l til vores genbrugsplastplader?\",\"isPartOf\":{\"@id\":\"https:\/\/plasticprojects.dk\/#website\"},\"datePublished\":\"2021-12-02T10:53:51+00:00\",\"dateModified\":\"2024-06-06T10:36:15+00:00\",\"description\":\"Vi har meget erfaring med genbrugsplast og at oms\u00e6tte pladerne til forskellige produkter. Hvis du har nogen sp\u00f8rgsm\u00e5l s\u00e5 kontakt os endelig\",\"breadcrumb\":{\"@id\":\"https:\/\/plasticprojects.dk\/index.php\/sporgsmal-om-genbrugsplastplader\/#breadcrumb\"},\"inLanguage\":\"en-US\",\"potentialAction\":[{\"@type\":\"ReadAction\",\"target\":[\"https:\/\/plasticprojects.dk\/index.php\/sporgsmal-om-genbrugsplastplader\/\"]}]},{\"@type\":\"BreadcrumbList\",\"@id\":\"https:\/\/plasticprojects.dk\/index.php\/sporgsmal-om-genbrugsplastplader\/#breadcrumb\",\"itemListElement\":[{\"@type\":\"ListItem\",\"position\":1,\"name\":\"Home\",\"item\":\"https:\/\/plasticprojects.dk\/\"},{\"@type\":\"ListItem\",\"position\":2,\"name\":\"Kontakt\"}]},{\"@type\":\"WebSite\",\"@id\":\"https:\/\/plasticprojects.dk\/#website\",\"url\":\"https:\/\/plasticprojects.dk\/\",\"name\":\"Plastic Projects\",\"description\":\"\u00c6stetisk genbrugsplast\",\"publisher\":{\"@id\":\"https:\/\/plasticprojects.dk\/#organization\"},\"potentialAction\":[{\"@type\":\"SearchAction\",\"target\":{\"@type\":\"EntryPoint\",\"urlTemplate\":\"https:\/\/plasticprojects.dk\/?s={search_term_string}\"},\"query-input\":\"required name=search_term_string\"}],\"inLanguage\":\"en-US\"},{\"@type\":\"Organization\",\"@id\":\"https:\/\/plasticprojects.dk\/#organization\",\"name\":\"Plastic Projects\",\"url\":\"https:\/\/plasticprojects.dk\/\",\"logo\":{\"@type\":\"ImageObject\",\"inLanguage\":\"en-US\",\"@id\":\"https:\/\/plasticprojects.dk\/#\/schema\/logo\/image\/\",\"url\":\"https:\/\/plasticprojects.dk\/wp-content\/uploads\/2023\/06\/UNADJUSTEDNONRAW_thumb_66e.jpg\",\"contentUrl\":\"https:\/\/plasticprojects.dk\/wp-content\/uploads\/2023\/06\/UNADJUSTEDNONRAW_thumb_66e.jpg\",\"width\":768,\"height\":1024,\"caption\":\"Plastic Projects\"},\"image\":{\"@id\":\"https:\/\/plasticprojects.dk\/#\/schema\/logo\/image\/\"},\"sameAs\":[\"https:\/\/www.instagram.com\/plasticprojects_\/\",\"https:\/\/www.linkedin.com\/company\/plastic-projects\/?viewAsMember=true\"]}]}<\/script>\n<!-- \/ Yoast SEO plugin. -->","yoast_head_json":{"title":"Sp\u00f8rgsm\u00e5l til vores genbrugsplastplader?","description":"Vi har meget erfaring med genbrugsplast og at oms\u00e6tte pladerne til forskellige produkter. Hvis du har nogen sp\u00f8rgsm\u00e5l s\u00e5 kontakt os endelig","robots":{"index":"index","follow":"follow","max-snippet":"max-snippet:-1","max-image-preview":"max-image-preview:large","max-video-preview":"max-video-preview:-1"},"canonical":"https:\/\/plasticprojects.dk\/index.php\/sporgsmal-om-genbrugsplastplader\/","og_locale":"en_US","og_type":"article","og_title":"Sp\u00f8rgsm\u00e5l til vores genbrugsplastplader?","og_description":"Vi har meget erfaring med genbrugsplast og at oms\u00e6tte pladerne til forskellige produkter. Hvis du har nogen sp\u00f8rgsm\u00e5l s\u00e5 kontakt os endelig","og_url":"https:\/\/plasticprojects.dk\/index.php\/sporgsmal-om-genbrugsplastplader\/","og_site_name":"Plastic Projects","article_modified_time":"2024-06-06T10:36:15+00:00","og_image":[{"url":"https:\/\/plasticprojects.dk\/wp-content\/uploads\/2023\/04\/IMG_5791-768x1024.jpeg"}],"twitter_card":"summary_large_image","twitter_misc":{"Est. reading time":"1 minute"},"schema":{"@context":"https:\/\/schema.org","@graph":[{"@type":"WebPage","@id":"https:\/\/plasticprojects.dk\/index.php\/sporgsmal-om-genbrugsplastplader\/","url":"https:\/\/plasticprojects.dk\/index.php\/sporgsmal-om-genbrugsplastplader\/","name":"Sp\u00f8rgsm\u00e5l til vores genbrugsplastplader?","isPartOf":{"@id":"https:\/\/plasticprojects.dk\/#website"},"datePublished":"2021-12-02T10:53:51+00:00","dateModified":"2024-06-06T10:36:15+00:00","description":"Vi har meget erfaring med genbrugsplast og at oms\u00e6tte pladerne til forskellige produkter. Hvis du har nogen sp\u00f8rgsm\u00e5l s\u00e5 kontakt os endelig","breadcrumb":{"@id":"https:\/\/plasticprojects.dk\/index.php\/sporgsmal-om-genbrugsplastplader\/#breadcrumb"},"inLanguage":"en-US","potentialAction":[{"@type":"ReadAction","target":["https:\/\/plasticprojects.dk\/index.php\/sporgsmal-om-genbrugsplastplader\/"]}]},{"@type":"BreadcrumbList","@id":"https:\/\/plasticprojects.dk\/index.php\/sporgsmal-om-genbrugsplastplader\/#breadcrumb","itemListElement":[{"@type":"ListItem","position":1,"name":"Home","item":"https:\/\/plasticprojects.dk\/"},{"@type":"ListItem","position":2,"name":"Kontakt"}]},{"@type":"WebSite","@id":"https:\/\/plasticprojects.dk\/#website","url":"https:\/\/plasticprojects.dk\/","name":"Plastic Projects","description":"\u00c6stetisk genbrugsplast","publisher":{"@id":"https:\/\/plasticprojects.dk\/#organization"},"potentialAction":[{"@type":"SearchAction","target":{"@type":"EntryPoint","urlTemplate":"https:\/\/plasticprojects.dk\/?s={search_term_string}"},"query-input":"required name=search_term_string"}],"inLanguage":"en-US"},{"@type":"Organization","@id":"https:\/\/plasticprojects.dk\/#organization","name":"Plastic Projects","url":"https:\/\/plasticprojects.dk\/","logo":{"@type":"ImageObject","inLanguage":"en-US","@id":"https:\/\/plasticprojects.dk\/#\/schema\/logo\/image\/","url":"https:\/\/plasticprojects.dk\/wp-content\/uploads\/2023\/06\/UNADJUSTEDNONRAW_thumb_66e.jpg","contentUrl":"https:\/\/plasticprojects.dk\/wp-content\/uploads\/2023\/06\/UNADJUSTEDNONRAW_thumb_66e.jpg","width":768,"height":1024,"caption":"Plastic Projects"},"image":{"@id":"https:\/\/plasticprojects.dk\/#\/schema\/logo\/image\/"},"sameAs":["https:\/\/www.instagram.com\/plasticprojects_\/","https:\/\/www.linkedin.com\/company\/plastic-projects\/?viewAsMember=true"]}]}},"featured_image_src":null,"featured_image_src_square":null,"_links":{"self":[{"href":"https:\/\/plasticprojects.dk\/index.php\/wp-json\/wp\/v2\/pages\/26","targetHints":{"allow":["GET"]}}],"collection":[{"href":"https:\/\/plasticprojects.dk\/index.php\/wp-json\/wp\/v2\/pages"}],"about":[{"href":"https:\/\/plasticprojects.dk\/index.php\/wp-json\/wp\/v2\/types\/page"}],"author":[{"embeddable":true,"href":"https:\/\/plasticprojects.dk\/index.php\/wp-json\/wp\/v2\/users\/3"}],"replies":[{"embeddable":true,"href":"https:\/\/plasticprojects.dk\/index.php\/wp-json\/wp\/v2\/comments?post=26"}],"version-history":[{"count":25,"href":"https:\/\/plasticprojects.dk\/index.php\/wp-json\/wp\/v2\/pages\/26\/revisions"}],"predecessor-version":[{"id":1288,"href":"https:\/\/plasticprojects.dk\/index.php\/wp-json\/wp\/v2\/pages\/26\/revisions\/1288"}],"wp:attachment":[{"href":"https:\/\/plasticprojects.dk\/index.php\/wp-json\/wp\/v2\/media?parent=26"}],"curies":[{"name":"wp","href":"https:\/\/api.w.org\/{rel}","templated":true}]}}