{"id":52,"date":"2021-12-02T12:32:29","date_gmt":"2021-12-02T12:32:29","guid":{"rendered":"https:\/\/plasticprojects.dk\/?page_id=52"},"modified":"2024-06-06T08:37:28","modified_gmt":"2024-06-06T08:37:28","slug":"om-os-plastic-projects","status":"publish","type":"page","link":"https:\/\/plasticprojects.dk\/index.php\/om-os-plastic-projects\/","title":{"rendered":"Om os"},"content":{"rendered":"\n<div class=\"wp-block-media-text alignwide is-stacked-on-mobile is-vertically-aligned-top\"><figure class=\"wp-block-media-text__media\"><img loading=\"lazy\" decoding=\"async\" width=\"988\" height=\"1024\" src=\"https:\/\/plasticprojects.dk\/wp-content\/uploads\/2023\/04\/2FEB6D35-015A-4109-855A-A88250548713-988x1024.jpg\" alt=\"Smuk plastik genanvendelse\" class=\"wp-image-971 size-full\" srcset=\"https:\/\/plasticprojects.dk\/wp-content\/uploads\/2023\/04\/2FEB6D35-015A-4109-855A-A88250548713-988x1024.jpg 988w, https:\/\/plasticprojects.dk\/wp-content\/uploads\/2023\/04\/2FEB6D35-015A-4109-855A-A88250548713-600x622.jpg 600w, https:\/\/plasticprojects.dk\/wp-content\/uploads\/2023\/04\/2FEB6D35-015A-4109-855A-A88250548713-1000x1037.jpg 1000w, https:\/\/plasticprojects.dk\/wp-content\/uploads\/2023\/04\/2FEB6D35-015A-4109-855A-A88250548713-289x300.jpg 289w, https:\/\/plasticprojects.dk\/wp-content\/uploads\/2023\/04\/2FEB6D35-015A-4109-855A-A88250548713-768x796.jpg 768w, https:\/\/plasticprojects.dk\/wp-content\/uploads\/2023\/04\/2FEB6D35-015A-4109-855A-A88250548713-1200x1244.jpg 1200w, https:\/\/plasticprojects.dk\/wp-content\/uploads\/2023\/04\/2FEB6D35-015A-4109-855A-A88250548713.jpg 1440w\" sizes=\"auto, (max-width: 988px) 100vw, 988px\" \/><\/figure><div class=\"wp-block-media-text__content\">\n<h2 class=\"wp-block-heading\">Vores vision<\/h2>\n\n\n\n<p>Vi producerer plader og produkter i 98%-100% genanvendt plastik med fokus p\u00e5 \u00e6stetik og design. Vi arbejder med udtrykkende i plasten da vi tror p\u00e5 at genanvendte produkter ikke beh\u00f8ver at v\u00e6re et gr\u00e5t alternativt med et kvalitetsprodukt. Gennem \u00e6stetiske udtryk og god kvalitet tror vi p\u00e5 vi kan skabe ressourcebevidsthed omkring plastik og give plasten sin v\u00e6rdi tilbage.<\/p>\n\n\n\n<p> <\/p>\n\n\n\n<p><\/p>\n\n\n\n<p><\/p>\n<\/div><\/div>\n\n\n\n<div class=\"wp-block-media-text alignwide has-media-on-the-right is-stacked-on-mobile is-vertically-aligned-top\"><div class=\"wp-block-media-text__content\">\n<h2 class=\"wp-block-heading\">Genanvendelse<\/h2>\n\n\n\n<p>Vi sorterer vores plastik og tror p\u00e5 at ren genanvendelse er vejen frem. Derfor vil du altid se at vores plader er lavet af HDPE (High density polyethylen) eller PP ( Polypropylen) da at blande forskellige plasttyper forringer pladernes kvalitet og h\u00e6mmer videre genanvendelse. Vores plader kan genanvendes igen og igen. Skulle du derfor have rester af plader fra dit projekt, m\u00e5 du meget gerne indleverer det hos os, s\u00e5 det kan genanvendes p\u00e5 ny. <\/p>\n\n\n\n<p><\/p>\n<\/div><figure class=\"wp-block-media-text__media\"><img loading=\"lazy\" decoding=\"async\" width=\"768\" height=\"1024\" src=\"https:\/\/plasticprojects.dk\/wp-content\/uploads\/2023\/04\/UNADJUSTEDNONRAW_thumb_61a.jpg\" alt=\"\" class=\"wp-image-931 size-full\" srcset=\"https:\/\/plasticprojects.dk\/wp-content\/uploads\/2023\/04\/UNADJUSTEDNONRAW_thumb_61a.jpg 768w, https:\/\/plasticprojects.dk\/wp-content\/uploads\/2023\/04\/UNADJUSTEDNONRAW_thumb_61a-600x800.jpg 600w, https:\/\/plasticprojects.dk\/wp-content\/uploads\/2023\/04\/UNADJUSTEDNONRAW_thumb_61a-225x300.jpg 225w\" sizes=\"auto, (max-width: 768px) 100vw, 768px\" \/><\/figure><\/div>\n\n\n\n<div class=\"wp-block-media-text alignwide is-stacked-on-mobile is-vertically-aligned-top\"><figure class=\"wp-block-media-text__media\"><img loading=\"lazy\" decoding=\"async\" width=\"1024\" height=\"768\" src=\"https:\/\/plasticprojects.dk\/wp-content\/uploads\/2022\/11\/UNADJUSTEDNONRAW_thumb_4a7.jpg\" alt=\"Smuk plastik genanvendelse\" class=\"wp-image-773 size-full\" srcset=\"https:\/\/plasticprojects.dk\/wp-content\/uploads\/2022\/11\/UNADJUSTEDNONRAW_thumb_4a7.jpg 1024w, https:\/\/plasticprojects.dk\/wp-content\/uploads\/2022\/11\/UNADJUSTEDNONRAW_thumb_4a7-600x450.jpg 600w, https:\/\/plasticprojects.dk\/wp-content\/uploads\/2022\/11\/UNADJUSTEDNONRAW_thumb_4a7-1000x750.jpg 1000w, https:\/\/plasticprojects.dk\/wp-content\/uploads\/2022\/11\/UNADJUSTEDNONRAW_thumb_4a7-300x225.jpg 300w, https:\/\/plasticprojects.dk\/wp-content\/uploads\/2022\/11\/UNADJUSTEDNONRAW_thumb_4a7-768x576.jpg 768w\" sizes=\"auto, (max-width: 1024px) 100vw, 1024px\" \/><\/figure><div class=\"wp-block-media-text__content\">\n<h2 class=\"wp-block-heading\">Plastic Projects team <\/h2>\n\n\n\n<p>Plastic Projects blev grundlagt af Zilia Colding og Frederik Kragh Brandt i 2021. Vi tror p\u00e5 at genanvendelse af plast, spiller en stor rolle i den gr\u00f8nne omstilling som vi h\u00e5ber at bidrage til med vores plastik.<\/p>\n<\/div><\/div>\n\n\n\n<p><\/p>\n","protected":false},"excerpt":{"rendered":"<p>Vores vision Vi producerer plader og produkter i 98%-100% genanvendt plastik med fokus p\u00e5 \u00e6stetik og design. Vi arbejder med udtrykkende i plasten da vi tror p\u00e5 at genanvendte produkter ikke beh\u00f8ver at v\u00e6re et gr\u00e5t alternativt med et kvalitetsprodukt. Gennem \u00e6stetiske udtryk og god kvalitet tror vi p\u00e5 vi kan skabe ressourcebevidsthed omkring plastik [&hellip;]<\/p>\n","protected":false},"author":4,"featured_media":0,"parent":0,"menu_order":0,"comment_status":"closed","ping_status":"closed","template":"","meta":{"_coblocks_attr":"Arial,Arial","_coblocks_dimensions":"","_coblocks_responsive_height":"","_coblocks_accordion_ie_support":"","inline_featured_image":false,"footnotes":""},"class_list":["post-52","page","type-page","status-publish","hentry","missing-thumbnail"],"yoast_head":"<!-- This site is optimized with the Yoast SEO plugin v21.6 - https:\/\/yoast.com\/wordpress\/plugins\/seo\/ -->\n<title>Om os - Plastic Projects<\/title>\n<meta name=\"description\" content=\"Vi producerer plader og produkter i 98%-100% genanvendt plastik med fokus p\u00e5 \u00e6stetik og design. Plastik er en ressource, ikke affald\" \/>\n<meta name=\"robots\" content=\"index, follow, max-snippet:-1, max-image-preview:large, max-video-preview:-1\" \/>\n<link rel=\"canonical\" href=\"https:\/\/plasticprojects.dk\/index.php\/om-os-plastic-projects\/\" \/>\n<meta property=\"og:locale\" content=\"en_US\" \/>\n<meta property=\"og:type\" content=\"article\" \/>\n<meta property=\"og:title\" content=\"Om os - Plastic Projects\" \/>\n<meta property=\"og:description\" content=\"Vi producerer plader og produkter i 98%-100% genanvendt plastik med fokus p\u00e5 \u00e6stetik og design. Plastik er en ressource, ikke affald\" \/>\n<meta property=\"og:url\" content=\"https:\/\/plasticprojects.dk\/index.php\/om-os-plastic-projects\/\" \/>\n<meta property=\"og:site_name\" content=\"Plastic Projects\" \/>\n<meta property=\"article:modified_time\" content=\"2024-06-06T08:37:28+00:00\" \/>\n<meta property=\"og:image\" content=\"https:\/\/plasticprojects.dk\/wp-content\/uploads\/2023\/04\/2FEB6D35-015A-4109-855A-A88250548713-988x1024.jpg\" \/>\n<meta name=\"twitter:card\" content=\"summary_large_image\" \/>\n<meta name=\"twitter:label1\" content=\"Est. reading time\" \/>\n\t<meta name=\"twitter:data1\" content=\"1 minute\" \/>\n<script type=\"application\/ld+json\" class=\"yoast-schema-graph\">{\"@context\":\"https:\/\/schema.org\",\"@graph\":[{\"@type\":\"WebPage\",\"@id\":\"https:\/\/plasticprojects.dk\/index.php\/om-os-plastic-projects\/\",\"url\":\"https:\/\/plasticprojects.dk\/index.php\/om-os-plastic-projects\/\",\"name\":\"Om os - Plastic Projects\",\"isPartOf\":{\"@id\":\"https:\/\/plasticprojects.dk\/#website\"},\"datePublished\":\"2021-12-02T12:32:29+00:00\",\"dateModified\":\"2024-06-06T08:37:28+00:00\",\"description\":\"Vi producerer plader og produkter i 98%-100% genanvendt plastik med fokus p\u00e5 \u00e6stetik og design. Plastik er en ressource, ikke affald\",\"breadcrumb\":{\"@id\":\"https:\/\/plasticprojects.dk\/index.php\/om-os-plastic-projects\/#breadcrumb\"},\"inLanguage\":\"en-US\",\"potentialAction\":[{\"@type\":\"ReadAction\",\"target\":[\"https:\/\/plasticprojects.dk\/index.php\/om-os-plastic-projects\/\"]}]},{\"@type\":\"BreadcrumbList\",\"@id\":\"https:\/\/plasticprojects.dk\/index.php\/om-os-plastic-projects\/#breadcrumb\",\"itemListElement\":[{\"@type\":\"ListItem\",\"position\":1,\"name\":\"Home\",\"item\":\"https:\/\/plasticprojects.dk\/\"},{\"@type\":\"ListItem\",\"position\":2,\"name\":\"Om os\"}]},{\"@type\":\"WebSite\",\"@id\":\"https:\/\/plasticprojects.dk\/#website\",\"url\":\"https:\/\/plasticprojects.dk\/\",\"name\":\"Plastic Projects\",\"description\":\"\u00c6stetisk genbrugsplast\",\"publisher\":{\"@id\":\"https:\/\/plasticprojects.dk\/#organization\"},\"potentialAction\":[{\"@type\":\"SearchAction\",\"target\":{\"@type\":\"EntryPoint\",\"urlTemplate\":\"https:\/\/plasticprojects.dk\/?s={search_term_string}\"},\"query-input\":\"required name=search_term_string\"}],\"inLanguage\":\"en-US\"},{\"@type\":\"Organization\",\"@id\":\"https:\/\/plasticprojects.dk\/#organization\",\"name\":\"Plastic Projects\",\"url\":\"https:\/\/plasticprojects.dk\/\",\"logo\":{\"@type\":\"ImageObject\",\"inLanguage\":\"en-US\",\"@id\":\"https:\/\/plasticprojects.dk\/#\/schema\/logo\/image\/\",\"url\":\"https:\/\/plasticprojects.dk\/wp-content\/uploads\/2023\/06\/UNADJUSTEDNONRAW_thumb_66e.jpg\",\"contentUrl\":\"https:\/\/plasticprojects.dk\/wp-content\/uploads\/2023\/06\/UNADJUSTEDNONRAW_thumb_66e.jpg\",\"width\":768,\"height\":1024,\"caption\":\"Plastic Projects\"},\"image\":{\"@id\":\"https:\/\/plasticprojects.dk\/#\/schema\/logo\/image\/\"},\"sameAs\":[\"https:\/\/www.instagram.com\/plasticprojects_\/\",\"https:\/\/www.linkedin.com\/company\/plastic-projects\/?viewAsMember=true\"]}]}<\/script>\n<!-- \/ Yoast SEO plugin. -->","yoast_head_json":{"title":"Om os - Plastic Projects","description":"Vi producerer plader og produkter i 98%-100% genanvendt plastik med fokus p\u00e5 \u00e6stetik og design. Plastik er en ressource, ikke affald","robots":{"index":"index","follow":"follow","max-snippet":"max-snippet:-1","max-image-preview":"max-image-preview:large","max-video-preview":"max-video-preview:-1"},"canonical":"https:\/\/plasticprojects.dk\/index.php\/om-os-plastic-projects\/","og_locale":"en_US","og_type":"article","og_title":"Om os - Plastic Projects","og_description":"Vi producerer plader og produkter i 98%-100% genanvendt plastik med fokus p\u00e5 \u00e6stetik og design. Plastik er en ressource, ikke affald","og_url":"https:\/\/plasticprojects.dk\/index.php\/om-os-plastic-projects\/","og_site_name":"Plastic Projects","article_modified_time":"2024-06-06T08:37:28+00:00","og_image":[{"url":"https:\/\/plasticprojects.dk\/wp-content\/uploads\/2023\/04\/2FEB6D35-015A-4109-855A-A88250548713-988x1024.jpg"}],"twitter_card":"summary_large_image","twitter_misc":{"Est. reading time":"1 minute"},"schema":{"@context":"https:\/\/schema.org","@graph":[{"@type":"WebPage","@id":"https:\/\/plasticprojects.dk\/index.php\/om-os-plastic-projects\/","url":"https:\/\/plasticprojects.dk\/index.php\/om-os-plastic-projects\/","name":"Om os - Plastic Projects","isPartOf":{"@id":"https:\/\/plasticprojects.dk\/#website"},"datePublished":"2021-12-02T12:32:29+00:00","dateModified":"2024-06-06T08:37:28+00:00","description":"Vi producerer plader og produkter i 98%-100% genanvendt plastik med fokus p\u00e5 \u00e6stetik og design. Plastik er en ressource, ikke affald","breadcrumb":{"@id":"https:\/\/plasticprojects.dk\/index.php\/om-os-plastic-projects\/#breadcrumb"},"inLanguage":"en-US","potentialAction":[{"@type":"ReadAction","target":["https:\/\/plasticprojects.dk\/index.php\/om-os-plastic-projects\/"]}]},{"@type":"BreadcrumbList","@id":"https:\/\/plasticprojects.dk\/index.php\/om-os-plastic-projects\/#breadcrumb","itemListElement":[{"@type":"ListItem","position":1,"name":"Home","item":"https:\/\/plasticprojects.dk\/"},{"@type":"ListItem","position":2,"name":"Om os"}]},{"@type":"WebSite","@id":"https:\/\/plasticprojects.dk\/#website","url":"https:\/\/plasticprojects.dk\/","name":"Plastic Projects","description":"\u00c6stetisk genbrugsplast","publisher":{"@id":"https:\/\/plasticprojects.dk\/#organization"},"potentialAction":[{"@type":"SearchAction","target":{"@type":"EntryPoint","urlTemplate":"https:\/\/plasticprojects.dk\/?s={search_term_string}"},"query-input":"required name=search_term_string"}],"inLanguage":"en-US"},{"@type":"Organization","@id":"https:\/\/plasticprojects.dk\/#organization","name":"Plastic Projects","url":"https:\/\/plasticprojects.dk\/","logo":{"@type":"ImageObject","inLanguage":"en-US","@id":"https:\/\/plasticprojects.dk\/#\/schema\/logo\/image\/","url":"https:\/\/plasticprojects.dk\/wp-content\/uploads\/2023\/06\/UNADJUSTEDNONRAW_thumb_66e.jpg","contentUrl":"https:\/\/plasticprojects.dk\/wp-content\/uploads\/2023\/06\/UNADJUSTEDNONRAW_thumb_66e.jpg","width":768,"height":1024,"caption":"Plastic Projects"},"image":{"@id":"https:\/\/plasticprojects.dk\/#\/schema\/logo\/image\/"},"sameAs":["https:\/\/www.instagram.com\/plasticprojects_\/","https:\/\/www.linkedin.com\/company\/plastic-projects\/?viewAsMember=true"]}]}},"featured_image_src":null,"featured_image_src_square":null,"_links":{"self":[{"href":"https:\/\/plasticprojects.dk\/index.php\/wp-json\/wp\/v2\/pages\/52","targetHints":{"allow":["GET"]}}],"collection":[{"href":"https:\/\/plasticprojects.dk\/index.php\/wp-json\/wp\/v2\/pages"}],"about":[{"href":"https:\/\/plasticprojects.dk\/index.php\/wp-json\/wp\/v2\/types\/page"}],"author":[{"embeddable":true,"href":"https:\/\/plasticprojects.dk\/index.php\/wp-json\/wp\/v2\/users\/4"}],"replies":[{"embeddable":true,"href":"https:\/\/plasticprojects.dk\/index.php\/wp-json\/wp\/v2\/comments?post=52"}],"version-history":[{"count":77,"href":"https:\/\/plasticprojects.dk\/index.php\/wp-json\/wp\/v2\/pages\/52\/revisions"}],"predecessor-version":[{"id":1261,"href":"https:\/\/plasticprojects.dk\/index.php\/wp-json\/wp\/v2\/pages\/52\/revisions\/1261"}],"wp:attachment":[{"href":"https:\/\/plasticprojects.dk\/index.php\/wp-json\/wp\/v2\/media?parent=52"}],"curies":[{"name":"wp","href":"https:\/\/api.w.org\/{rel}","templated":true}]}}