{"id":816,"date":"2023-04-26T15:20:32","date_gmt":"2023-04-26T15:20:32","guid":{"rendered":"https:\/\/plasticprojects.dk\/?page_id=816"},"modified":"2025-12-01T13:39:39","modified_gmt":"2025-12-01T13:39:39","slug":"genbrugs-plast-plader","status":"publish","type":"page","link":"https:\/\/plasticprojects.dk\/index.php\/genbrugs-plast-plader\/","title":{"rendered":"Genbrugsplast plader"},"content":{"rendered":"\n<div class=\"wp-block-media-text alignwide is-stacked-on-mobile is-vertically-aligned-top\" style=\"grid-template-columns:52% auto\"><figure class=\"wp-block-media-text__media\"><img loading=\"lazy\" decoding=\"async\" width=\"1024\" height=\"768\" src=\"https:\/\/plasticprojects.dk\/wp-content\/uploads\/2023\/05\/74CD9CB0-737A-44F7-8FA8-EBD9F21AB764_1_105_c.jpeg\" alt=\"Panels in 100% recycled plastic\nTranslucent plastik plader \" class=\"wp-image-1119 size-full\" srcset=\"https:\/\/plasticprojects.dk\/wp-content\/uploads\/2023\/05\/74CD9CB0-737A-44F7-8FA8-EBD9F21AB764_1_105_c.jpeg 1024w, https:\/\/plasticprojects.dk\/wp-content\/uploads\/2023\/05\/74CD9CB0-737A-44F7-8FA8-EBD9F21AB764_1_105_c-300x225.jpeg 300w, https:\/\/plasticprojects.dk\/wp-content\/uploads\/2023\/05\/74CD9CB0-737A-44F7-8FA8-EBD9F21AB764_1_105_c-768x576.jpeg 768w, https:\/\/plasticprojects.dk\/wp-content\/uploads\/2023\/05\/74CD9CB0-737A-44F7-8FA8-EBD9F21AB764_1_105_c-600x450.jpeg 600w, https:\/\/plasticprojects.dk\/wp-content\/uploads\/2023\/05\/74CD9CB0-737A-44F7-8FA8-EBD9F21AB764_1_105_c-1000x750.jpeg 1000w\" sizes=\"auto, (max-width: 1024px) 100vw, 1024px\" \/><\/figure><div class=\"wp-block-media-text__content\">\n<h2 class=\"wp-block-heading\">Genbrugsplast plader med unikke m\u00f8nstre<\/h2>\n\n\n\n<p>I vores v\u00e6rksted p\u00e5 Vesterbro i K\u00f8benhavn producerer vi plader i 98%-100% genbrugsplast. Hver plade har sit eget unikke m\u00f8nster og er lavet med fokus p\u00e5 \u00e6stetik og ren genanvendelse. Alt vores plastik stammer fra Danmark og kan stamme fra br\u00f8dkasser, fiskenet, shampoo flasker og almindeligt husholdningsaffald.<\/p>\n\n\n\n<p>Pladerne m\u00e5ler 1220 x 810 mm og kan lavet i forskellige tykkelser (0.5-45mm) <\/p>\n\n\n\n<p>Fordi vi arbejder med affald er vores udvalg meget skiftende. Hver plade er unik og nye m\u00f8nstre skabet hele tiden. Nogle plader har vi mulighed for at genskabe og andre er kun i begr\u00e6nset antal. <a href=\"https:\/\/plasticprojects.dk\/index.php\/contact\/\">Kontakt<\/a> os for mere information<\/p>\n\n\n\n<p>Se vores udvalg af tidligere m\u00f8nstre i plader af genanvendt plastik. Vi laver skiftende m\u00f8nstre og hver plade er h\u00e5ndlavet og unik<\/p>\n\n\n\n<p><strong>Tidligere m\u00f8nstre<\/strong><\/p>\n<\/div><\/div>\n\n\n\n<div class=\"wp-block-group alignwide\"><div class=\"wp-block-group__inner-container is-layout-constrained wp-block-group-is-layout-constrained\"><div data-block-name=\"woocommerce\/all-products\" data-columns=\"3\" data-rows=\"3\" data-align-buttons=\"false\" data-content-visibility=\"{&quot;orderBy&quot;:true}\" data-orderby=\"date\" data-layout-config=\"[[&quot;woocommerce\\\/product-image&quot;,{&quot;showProductLink&quot;:true,&quot;showSaleBadge&quot;:true,&quot;saleBadgeAlign&quot;:&quot;right&quot;,&quot;imageSizing&quot;:&quot;full-size&quot;,&quot;productId&quot;:0,&quot;children&quot;:[]}],[&quot;woocommerce\\\/product-title&quot;,{&quot;headingLevel&quot;:2,&quot;showProductLink&quot;:true,&quot;productId&quot;:0,&quot;children&quot;:[]}]]\" class=\"wp-block-woocommerce-all-products alignwide wc-block-all-products\" data-attributes=\"{&quot;align&quot;:&quot;wide&quot;,&quot;alignButtons&quot;:false,&quot;columns&quot;:3,&quot;contentVisibility&quot;:{&quot;orderBy&quot;:true},&quot;isPreview&quot;:false,&quot;layoutConfig&quot;:[[&quot;woocommerce\/product-image&quot;,{&quot;showProductLink&quot;:true,&quot;showSaleBadge&quot;:true,&quot;saleBadgeAlign&quot;:&quot;right&quot;,&quot;imageSizing&quot;:&quot;full-size&quot;,&quot;productId&quot;:0,&quot;children&quot;:[]}],[&quot;woocommerce\/product-title&quot;,{&quot;headingLevel&quot;:2,&quot;showProductLink&quot;:true,&quot;productId&quot;:0,&quot;children&quot;:[]}]],&quot;orderby&quot;:&quot;date&quot;,&quot;rows&quot;:3}\"><div data-block-name=\"woocommerce\/product-image\" class=\"is-loading wp-block-woocommerce-product-image\"><\/div>\n\n<div data-block-name=\"woocommerce\/product-title\" class=\"wp-block-woocommerce-product-title is-loading\"><\/div><\/div><\/div><\/div>\n\n\n\n<div class=\"wp-block-media-text alignwide has-media-on-the-right is-stacked-on-mobile is-vertically-aligned-top\" style=\"grid-template-columns:auto 48%\"><div class=\"wp-block-media-text__content\">\n<h2 class=\"wp-block-heading\">Har du et m\u00f8nster i tankerne? <\/h2>\n\n\n\n<p>Du er altid velkommen til at sende os din id\u00e9 eller design <\/p>\n\n\n\n<div class=\"wp-block-buttons is-layout-flex wp-container-core-buttons-is-layout-6b4e3324 wp-block-buttons-is-layout-flex\">\n<div class=\"wp-block-button\"><a class=\"wp-block-button__link wp-element-button\" href=\"https:\/\/plasticprojects.dk\/index.php\/contact\/\">Kontakt<\/a><\/div>\n<\/div>\n\n\n\n<p><\/p>\n<\/div><figure class=\"wp-block-media-text__media\"><img loading=\"lazy\" decoding=\"async\" width=\"1024\" height=\"683\" src=\"https:\/\/plasticprojects.dk\/wp-content\/uploads\/2023\/05\/667EA416-350C-4C20-AC37-2593B0F4AC18_1_105_c-1024x683.jpeg\" alt=\"Panels in 100% recycled plastic\nGenbrugsplastik \" class=\"wp-image-1129 size-full\" srcset=\"https:\/\/plasticprojects.dk\/wp-content\/uploads\/2023\/05\/667EA416-350C-4C20-AC37-2593B0F4AC18_1_105_c-1024x683.jpeg 1024w, https:\/\/plasticprojects.dk\/wp-content\/uploads\/2023\/05\/667EA416-350C-4C20-AC37-2593B0F4AC18_1_105_c-300x200.jpeg 300w, https:\/\/plasticprojects.dk\/wp-content\/uploads\/2023\/05\/667EA416-350C-4C20-AC37-2593B0F4AC18_1_105_c-768x512.jpeg 768w, https:\/\/plasticprojects.dk\/wp-content\/uploads\/2023\/05\/667EA416-350C-4C20-AC37-2593B0F4AC18_1_105_c-600x400.jpeg 600w, https:\/\/plasticprojects.dk\/wp-content\/uploads\/2023\/05\/667EA416-350C-4C20-AC37-2593B0F4AC18_1_105_c-1000x667.jpeg 1000w, https:\/\/plasticprojects.dk\/wp-content\/uploads\/2023\/05\/667EA416-350C-4C20-AC37-2593B0F4AC18_1_105_c.jpeg 1086w\" sizes=\"auto, (max-width: 1024px) 100vw, 1024px\" \/><\/figure><\/div>\n\n\n\n<p><\/p>\n","protected":false},"excerpt":{"rendered":"<p>Genbrugsplast plader med unikke m\u00f8nstre I vores v\u00e6rksted p\u00e5 Vesterbro i K\u00f8benhavn producerer vi plader i 98%-100% genbrugsplast. Hver plade har sit eget unikke m\u00f8nster og er lavet med fokus p\u00e5 \u00e6stetik og ren genanvendelse. Alt vores plastik stammer fra Danmark og kan stamme fra br\u00f8dkasser, fiskenet, shampoo flasker og almindeligt husholdningsaffald. Pladerne m\u00e5ler 1220 [&hellip;]<\/p>\n","protected":false},"author":8,"featured_media":0,"parent":0,"menu_order":0,"comment_status":"closed","ping_status":"closed","template":"","meta":{"_coblocks_attr":"","_coblocks_dimensions":"","_coblocks_responsive_height":"","_coblocks_accordion_ie_support":"","inline_featured_image":false,"footnotes":""},"class_list":["post-816","page","type-page","status-publish","hentry","missing-thumbnail"],"yoast_head":"<!-- This site is optimized with the Yoast SEO plugin v21.6 - https:\/\/yoast.com\/wordpress\/plugins\/seo\/ -->\n<title>Genbrugsplastplader med unikke m\u00f8nstre<\/title>\n<meta name=\"description\" content=\"Se vores udvalg af tidligere m\u00f8nstre i plader af genanvendt plastik. Vi laver skiftende m\u00f8nstre og hver plade er h\u00e5ndlavet og unik\" \/>\n<meta name=\"robots\" content=\"index, follow, max-snippet:-1, max-image-preview:large, max-video-preview:-1\" \/>\n<link rel=\"canonical\" href=\"https:\/\/plasticprojects.dk\/index.php\/genbrugs-plast-plader\/\" \/>\n<meta property=\"og:locale\" content=\"en_US\" \/>\n<meta property=\"og:type\" content=\"article\" \/>\n<meta property=\"og:title\" content=\"Genbrugsplastplader med unikke m\u00f8nstre\" \/>\n<meta property=\"og:description\" content=\"Se vores udvalg af tidligere m\u00f8nstre i plader af genanvendt plastik. Vi laver skiftende m\u00f8nstre og hver plade er h\u00e5ndlavet og unik\" \/>\n<meta property=\"og:url\" content=\"https:\/\/plasticprojects.dk\/index.php\/genbrugs-plast-plader\/\" \/>\n<meta property=\"og:site_name\" content=\"Plastic Projects\" \/>\n<meta property=\"article:modified_time\" content=\"2025-12-01T13:39:39+00:00\" \/>\n<meta property=\"og:image\" content=\"https:\/\/plasticprojects.dk\/wp-content\/uploads\/2023\/05\/74CD9CB0-737A-44F7-8FA8-EBD9F21AB764_1_105_c.jpeg\" \/>\n<meta name=\"twitter:card\" content=\"summary_large_image\" \/>\n<meta name=\"twitter:label1\" content=\"Est. reading time\" \/>\n\t<meta name=\"twitter:data1\" content=\"1 minute\" \/>\n<script type=\"application\/ld+json\" class=\"yoast-schema-graph\">{\"@context\":\"https:\/\/schema.org\",\"@graph\":[{\"@type\":\"WebPage\",\"@id\":\"https:\/\/plasticprojects.dk\/index.php\/genbrugs-plast-plader\/\",\"url\":\"https:\/\/plasticprojects.dk\/index.php\/genbrugs-plast-plader\/\",\"name\":\"Genbrugsplastplader med unikke m\u00f8nstre\",\"isPartOf\":{\"@id\":\"https:\/\/plasticprojects.dk\/#website\"},\"datePublished\":\"2023-04-26T15:20:32+00:00\",\"dateModified\":\"2025-12-01T13:39:39+00:00\",\"description\":\"Se vores udvalg af tidligere m\u00f8nstre i plader af genanvendt plastik. Vi laver skiftende m\u00f8nstre og hver plade er h\u00e5ndlavet og unik\",\"breadcrumb\":{\"@id\":\"https:\/\/plasticprojects.dk\/index.php\/genbrugs-plast-plader\/#breadcrumb\"},\"inLanguage\":\"en-US\",\"potentialAction\":[{\"@type\":\"ReadAction\",\"target\":[\"https:\/\/plasticprojects.dk\/index.php\/genbrugs-plast-plader\/\"]}]},{\"@type\":\"BreadcrumbList\",\"@id\":\"https:\/\/plasticprojects.dk\/index.php\/genbrugs-plast-plader\/#breadcrumb\",\"itemListElement\":[{\"@type\":\"ListItem\",\"position\":1,\"name\":\"Home\",\"item\":\"https:\/\/plasticprojects.dk\/\"},{\"@type\":\"ListItem\",\"position\":2,\"name\":\"Genbrugsplast plader\"}]},{\"@type\":\"WebSite\",\"@id\":\"https:\/\/plasticprojects.dk\/#website\",\"url\":\"https:\/\/plasticprojects.dk\/\",\"name\":\"Plastic Projects\",\"description\":\"\u00c6stetisk genbrugsplast\",\"publisher\":{\"@id\":\"https:\/\/plasticprojects.dk\/#organization\"},\"potentialAction\":[{\"@type\":\"SearchAction\",\"target\":{\"@type\":\"EntryPoint\",\"urlTemplate\":\"https:\/\/plasticprojects.dk\/?s={search_term_string}\"},\"query-input\":\"required name=search_term_string\"}],\"inLanguage\":\"en-US\"},{\"@type\":\"Organization\",\"@id\":\"https:\/\/plasticprojects.dk\/#organization\",\"name\":\"Plastic Projects\",\"url\":\"https:\/\/plasticprojects.dk\/\",\"logo\":{\"@type\":\"ImageObject\",\"inLanguage\":\"en-US\",\"@id\":\"https:\/\/plasticprojects.dk\/#\/schema\/logo\/image\/\",\"url\":\"https:\/\/plasticprojects.dk\/wp-content\/uploads\/2023\/06\/UNADJUSTEDNONRAW_thumb_66e.jpg\",\"contentUrl\":\"https:\/\/plasticprojects.dk\/wp-content\/uploads\/2023\/06\/UNADJUSTEDNONRAW_thumb_66e.jpg\",\"width\":768,\"height\":1024,\"caption\":\"Plastic Projects\"},\"image\":{\"@id\":\"https:\/\/plasticprojects.dk\/#\/schema\/logo\/image\/\"},\"sameAs\":[\"https:\/\/www.instagram.com\/plasticprojects_\/\",\"https:\/\/www.linkedin.com\/company\/plastic-projects\/?viewAsMember=true\"]}]}<\/script>\n<!-- \/ Yoast SEO plugin. -->","yoast_head_json":{"title":"Genbrugsplastplader med unikke m\u00f8nstre","description":"Se vores udvalg af tidligere m\u00f8nstre i plader af genanvendt plastik. Vi laver skiftende m\u00f8nstre og hver plade er h\u00e5ndlavet og unik","robots":{"index":"index","follow":"follow","max-snippet":"max-snippet:-1","max-image-preview":"max-image-preview:large","max-video-preview":"max-video-preview:-1"},"canonical":"https:\/\/plasticprojects.dk\/index.php\/genbrugs-plast-plader\/","og_locale":"en_US","og_type":"article","og_title":"Genbrugsplastplader med unikke m\u00f8nstre","og_description":"Se vores udvalg af tidligere m\u00f8nstre i plader af genanvendt plastik. Vi laver skiftende m\u00f8nstre og hver plade er h\u00e5ndlavet og unik","og_url":"https:\/\/plasticprojects.dk\/index.php\/genbrugs-plast-plader\/","og_site_name":"Plastic Projects","article_modified_time":"2025-12-01T13:39:39+00:00","og_image":[{"url":"https:\/\/plasticprojects.dk\/wp-content\/uploads\/2023\/05\/74CD9CB0-737A-44F7-8FA8-EBD9F21AB764_1_105_c.jpeg"}],"twitter_card":"summary_large_image","twitter_misc":{"Est. reading time":"1 minute"},"schema":{"@context":"https:\/\/schema.org","@graph":[{"@type":"WebPage","@id":"https:\/\/plasticprojects.dk\/index.php\/genbrugs-plast-plader\/","url":"https:\/\/plasticprojects.dk\/index.php\/genbrugs-plast-plader\/","name":"Genbrugsplastplader med unikke m\u00f8nstre","isPartOf":{"@id":"https:\/\/plasticprojects.dk\/#website"},"datePublished":"2023-04-26T15:20:32+00:00","dateModified":"2025-12-01T13:39:39+00:00","description":"Se vores udvalg af tidligere m\u00f8nstre i plader af genanvendt plastik. Vi laver skiftende m\u00f8nstre og hver plade er h\u00e5ndlavet og unik","breadcrumb":{"@id":"https:\/\/plasticprojects.dk\/index.php\/genbrugs-plast-plader\/#breadcrumb"},"inLanguage":"en-US","potentialAction":[{"@type":"ReadAction","target":["https:\/\/plasticprojects.dk\/index.php\/genbrugs-plast-plader\/"]}]},{"@type":"BreadcrumbList","@id":"https:\/\/plasticprojects.dk\/index.php\/genbrugs-plast-plader\/#breadcrumb","itemListElement":[{"@type":"ListItem","position":1,"name":"Home","item":"https:\/\/plasticprojects.dk\/"},{"@type":"ListItem","position":2,"name":"Genbrugsplast plader"}]},{"@type":"WebSite","@id":"https:\/\/plasticprojects.dk\/#website","url":"https:\/\/plasticprojects.dk\/","name":"Plastic Projects","description":"\u00c6stetisk genbrugsplast","publisher":{"@id":"https:\/\/plasticprojects.dk\/#organization"},"potentialAction":[{"@type":"SearchAction","target":{"@type":"EntryPoint","urlTemplate":"https:\/\/plasticprojects.dk\/?s={search_term_string}"},"query-input":"required name=search_term_string"}],"inLanguage":"en-US"},{"@type":"Organization","@id":"https:\/\/plasticprojects.dk\/#organization","name":"Plastic Projects","url":"https:\/\/plasticprojects.dk\/","logo":{"@type":"ImageObject","inLanguage":"en-US","@id":"https:\/\/plasticprojects.dk\/#\/schema\/logo\/image\/","url":"https:\/\/plasticprojects.dk\/wp-content\/uploads\/2023\/06\/UNADJUSTEDNONRAW_thumb_66e.jpg","contentUrl":"https:\/\/plasticprojects.dk\/wp-content\/uploads\/2023\/06\/UNADJUSTEDNONRAW_thumb_66e.jpg","width":768,"height":1024,"caption":"Plastic Projects"},"image":{"@id":"https:\/\/plasticprojects.dk\/#\/schema\/logo\/image\/"},"sameAs":["https:\/\/www.instagram.com\/plasticprojects_\/","https:\/\/www.linkedin.com\/company\/plastic-projects\/?viewAsMember=true"]}]}},"featured_image_src":null,"featured_image_src_square":null,"_links":{"self":[{"href":"https:\/\/plasticprojects.dk\/index.php\/wp-json\/wp\/v2\/pages\/816","targetHints":{"allow":["GET"]}}],"collection":[{"href":"https:\/\/plasticprojects.dk\/index.php\/wp-json\/wp\/v2\/pages"}],"about":[{"href":"https:\/\/plasticprojects.dk\/index.php\/wp-json\/wp\/v2\/types\/page"}],"author":[{"embeddable":true,"href":"https:\/\/plasticprojects.dk\/index.php\/wp-json\/wp\/v2\/users\/8"}],"replies":[{"embeddable":true,"href":"https:\/\/plasticprojects.dk\/index.php\/wp-json\/wp\/v2\/comments?post=816"}],"version-history":[{"count":55,"href":"https:\/\/plasticprojects.dk\/index.php\/wp-json\/wp\/v2\/pages\/816\/revisions"}],"predecessor-version":[{"id":1299,"href":"https:\/\/plasticprojects.dk\/index.php\/wp-json\/wp\/v2\/pages\/816\/revisions\/1299"}],"wp:attachment":[{"href":"https:\/\/plasticprojects.dk\/index.php\/wp-json\/wp\/v2\/media?parent=816"}],"curies":[{"name":"wp","href":"https:\/\/api.w.org\/{rel}","templated":true}]}}