{"id":919,"date":"2023-04-27T14:57:08","date_gmt":"2023-04-27T14:57:08","guid":{"rendered":"https:\/\/plasticprojects.dk\/?page_id=919"},"modified":"2024-03-05T11:22:17","modified_gmt":"2024-03-05T11:22:17","slug":"projects","status":"publish","type":"page","link":"https:\/\/plasticprojects.dk\/index.php\/projects\/","title":{"rendered":"Projekter"},"content":{"rendered":"\n<div class=\"wp-block-media-text alignwide is-stacked-on-mobile is-vertically-aligned-top\"><figure class=\"wp-block-media-text__media\"><img loading=\"lazy\" decoding=\"async\" width=\"768\" height=\"1024\" src=\"https:\/\/plasticprojects.dk\/wp-content\/uploads\/2023\/04\/UNADJUSTEDNONRAW_thumb_499.jpg\" alt=\"Plade i genbrugsplast \nPlastic is a very versatile material\" class=\"wp-image-1003 size-full\" srcset=\"https:\/\/plasticprojects.dk\/wp-content\/uploads\/2023\/04\/UNADJUSTEDNONRAW_thumb_499.jpg 768w, https:\/\/plasticprojects.dk\/wp-content\/uploads\/2023\/04\/UNADJUSTEDNONRAW_thumb_499-600x800.jpg 600w, https:\/\/plasticprojects.dk\/wp-content\/uploads\/2023\/04\/UNADJUSTEDNONRAW_thumb_499-225x300.jpg 225w\" sizes=\"auto, (max-width: 768px) 100vw, 768px\" \/><\/figure><div class=\"wp-block-media-text__content\">\n<h2 class=\"wp-block-heading has-text-align-left\">Genbrugsplast som et alsidigt design materiale<\/h2>\n\n\n\n<p>Plastik har generelt et ry for at v\u00e6re et billigt og d\u00e5rligt materiale men vi ser kun muligheder i det st\u00e6rke materiale. <\/p>\n\n\n\n<p>Plastikpladerne er nemme at arbejde med, da det er et meget tilgivende materiale og kan bearbejdes med simple tr\u00e6v\u00e6rkt\u00f8jer.<\/p>\n\n\n\n<p>Pladerne kan bruges som de er eller bearbejdes til utallige unikke produkter. <\/p>\n\n\n\n<p class=\"has-text-align-left\">Hvis du kunne t\u00e6nke dig at lave et projekt med genbrugsplastik s\u00e5 kontakt os endelig<\/p>\n\n\n\n<div class=\"wp-block-buttons is-layout-flex wp-block-buttons-is-layout-flex\">\n<div class=\"wp-block-button\"><a class=\"wp-block-button__link has-text-align-right wp-element-button\" href=\"https:\/\/plasticprojects.dk\/index.php\/contact\/\">Kontakt<\/a><\/div>\n<\/div>\n<\/div><\/div>\n\n\n\n<div class=\"wp-block-media-text alignwide has-media-on-the-right is-stacked-on-mobile\"><div class=\"wp-block-media-text__content\">\n<p>Do Not Desturb skilte i 100% genanvendt Plast ( PP ) <\/p>\n\n\n\n<p>Design: Plastic Projects <\/p>\n\n\n\n<p>For Hotel Mayfair<\/p>\n<\/div><figure class=\"wp-block-media-text__media\"><img loading=\"lazy\" decoding=\"async\" width=\"768\" height=\"1024\" src=\"https:\/\/plasticprojects.dk\/wp-content\/uploads\/2024\/03\/ACS_0632-768x1024.jpg\" alt=\"\" class=\"wp-image-1278 size-full\" srcset=\"https:\/\/plasticprojects.dk\/wp-content\/uploads\/2024\/03\/ACS_0632-768x1024.jpg 768w, https:\/\/plasticprojects.dk\/wp-content\/uploads\/2024\/03\/ACS_0632-225x300.jpg 225w, https:\/\/plasticprojects.dk\/wp-content\/uploads\/2024\/03\/ACS_0632-1152x1536.jpg 1152w, https:\/\/plasticprojects.dk\/wp-content\/uploads\/2024\/03\/ACS_0632-1536x2048.jpg 1536w, https:\/\/plasticprojects.dk\/wp-content\/uploads\/2024\/03\/ACS_0632-1200x1600.jpg 1200w, https:\/\/plasticprojects.dk\/wp-content\/uploads\/2024\/03\/ACS_0632-1860x2480.jpg 1860w, https:\/\/plasticprojects.dk\/wp-content\/uploads\/2024\/03\/ACS_0632-600x800.jpg 600w, https:\/\/plasticprojects.dk\/wp-content\/uploads\/2024\/03\/ACS_0632-1000x1333.jpg 1000w, https:\/\/plasticprojects.dk\/wp-content\/uploads\/2024\/03\/ACS_0632-scaled.jpg 1920w\" sizes=\"auto, (max-width: 768px) 100vw, 768px\" \/><\/figure><\/div>\n\n\n\n<div class=\"wp-block-media-text alignwide is-stacked-on-mobile\"><figure class=\"wp-block-media-text__media\"><img loading=\"lazy\" decoding=\"async\" width=\"683\" height=\"1024\" src=\"https:\/\/plasticprojects.dk\/wp-content\/uploads\/2024\/03\/20230617-DSC06675-683x1024.jpg\" alt=\"\" class=\"wp-image-1277 size-full\" srcset=\"https:\/\/plasticprojects.dk\/wp-content\/uploads\/2024\/03\/20230617-DSC06675-683x1024.jpg 683w, https:\/\/plasticprojects.dk\/wp-content\/uploads\/2024\/03\/20230617-DSC06675-200x300.jpg 200w, https:\/\/plasticprojects.dk\/wp-content\/uploads\/2024\/03\/20230617-DSC06675-768x1152.jpg 768w, https:\/\/plasticprojects.dk\/wp-content\/uploads\/2024\/03\/20230617-DSC06675-1024x1536.jpg 1024w, https:\/\/plasticprojects.dk\/wp-content\/uploads\/2024\/03\/20230617-DSC06675-1365x2048.jpg 1365w, https:\/\/plasticprojects.dk\/wp-content\/uploads\/2024\/03\/20230617-DSC06675-1200x1800.jpg 1200w, https:\/\/plasticprojects.dk\/wp-content\/uploads\/2024\/03\/20230617-DSC06675-1860x2790.jpg 1860w, https:\/\/plasticprojects.dk\/wp-content\/uploads\/2024\/03\/20230617-DSC06675-600x900.jpg 600w, https:\/\/plasticprojects.dk\/wp-content\/uploads\/2024\/03\/20230617-DSC06675-1000x1500.jpg 1000w, https:\/\/plasticprojects.dk\/wp-content\/uploads\/2024\/03\/20230617-DSC06675-scaled.jpg 1707w\" sizes=\"auto, (max-width: 683px) 100vw, 683px\" \/><\/figure><div class=\"wp-block-media-text__content\">\n<p>Kommode\/bord med plade i 100 % genanvendt plast ( HDPE ) <\/p>\n\n\n\n<p>Design: Bastian Dybdal <\/p>\n<\/div><\/div>\n\n\n\n<div class=\"wp-block-media-text alignwide has-media-on-the-right is-stacked-on-mobile\"><div class=\"wp-block-media-text__content\">\n<p>Bordplader i 100% genanvendt plast ( HDPE ) <\/p>\n\n\n\n<p>Samarbejde: NOAA Architects <\/p>\n\n\n\n<p>For: K\u00f8ge Bibliotekerne <\/p>\n<\/div><figure class=\"wp-block-media-text__media\"><img loading=\"lazy\" decoding=\"async\" width=\"1024\" height=\"1024\" src=\"https:\/\/plasticprojects.dk\/wp-content\/uploads\/2024\/03\/Koge-bord-1024x1024.jpg\" alt=\"\" class=\"wp-image-1273 size-full\" srcset=\"https:\/\/plasticprojects.dk\/wp-content\/uploads\/2024\/03\/Koge-bord-1024x1024.jpg 1024w, https:\/\/plasticprojects.dk\/wp-content\/uploads\/2024\/03\/Koge-bord-300x300.jpg 300w, https:\/\/plasticprojects.dk\/wp-content\/uploads\/2024\/03\/Koge-bord-150x150.jpg 150w, https:\/\/plasticprojects.dk\/wp-content\/uploads\/2024\/03\/Koge-bord-768x768.jpg 768w, https:\/\/plasticprojects.dk\/wp-content\/uploads\/2024\/03\/Koge-bord-1536x1536.jpg 1536w, https:\/\/plasticprojects.dk\/wp-content\/uploads\/2024\/03\/Koge-bord-2048x2048.jpg 2048w, https:\/\/plasticprojects.dk\/wp-content\/uploads\/2024\/03\/Koge-bord-600x600.jpg 600w, https:\/\/plasticprojects.dk\/wp-content\/uploads\/2024\/03\/Koge-bord-1200x1200.jpg 1200w, https:\/\/plasticprojects.dk\/wp-content\/uploads\/2024\/03\/Koge-bord-1860x1860.jpg 1860w, https:\/\/plasticprojects.dk\/wp-content\/uploads\/2024\/03\/Koge-bord-1000x1000.jpg 1000w, https:\/\/plasticprojects.dk\/wp-content\/uploads\/2024\/03\/Koge-bord-100x100.jpg 100w\" sizes=\"auto, (max-width: 1024px) 100vw, 1024px\" \/><\/figure><\/div>\n\n\n\n<div class=\"wp-block-media-text alignwide is-stacked-on-mobile\"><figure class=\"wp-block-media-text__media\"><img loading=\"lazy\" decoding=\"async\" width=\"768\" height=\"1024\" src=\"https:\/\/plasticprojects.dk\/wp-content\/uploads\/2024\/03\/IMG_5769-768x1024.jpg\" alt=\"\" class=\"wp-image-1274 size-full\" srcset=\"https:\/\/plasticprojects.dk\/wp-content\/uploads\/2024\/03\/IMG_5769-768x1024.jpg 768w, https:\/\/plasticprojects.dk\/wp-content\/uploads\/2024\/03\/IMG_5769-225x300.jpg 225w, https:\/\/plasticprojects.dk\/wp-content\/uploads\/2024\/03\/IMG_5769-1152x1536.jpg 1152w, https:\/\/plasticprojects.dk\/wp-content\/uploads\/2024\/03\/IMG_5769-1536x2048.jpg 1536w, https:\/\/plasticprojects.dk\/wp-content\/uploads\/2024\/03\/IMG_5769-1200x1600.jpg 1200w, https:\/\/plasticprojects.dk\/wp-content\/uploads\/2024\/03\/IMG_5769-1860x2480.jpg 1860w, https:\/\/plasticprojects.dk\/wp-content\/uploads\/2024\/03\/IMG_5769-600x800.jpg 600w, https:\/\/plasticprojects.dk\/wp-content\/uploads\/2024\/03\/IMG_5769-1000x1333.jpg 1000w, https:\/\/plasticprojects.dk\/wp-content\/uploads\/2024\/03\/IMG_5769-scaled.jpg 1920w\" sizes=\"auto, (max-width: 768px) 100vw, 768px\" \/><\/figure><div class=\"wp-block-media-text__content\">\n<p>Bordplade i 100% genanvendt plast ( HDPE )<\/p>\n\n\n\n<p>Design: Plastic Projects <\/p>\n\n\n\n<p>For Clever, St\u00f8berigade 14 S <\/p>\n<\/div><\/div>\n\n\n\n<div class=\"wp-block-media-text alignwide has-media-on-the-right is-stacked-on-mobile is-vertically-aligned-center\"><div class=\"wp-block-media-text__content\">\n<p>Special lavede serveringsbakker i 100% genanvendt plast ( HDPE )<\/p>\n\n\n\n<p>Design: Plastic Projects <\/p>\n\n\n\n<p>For Coffe Collective <\/p>\n<\/div><figure class=\"wp-block-media-text__media\"><img loading=\"lazy\" decoding=\"async\" width=\"1024\" height=\"768\" src=\"https:\/\/plasticprojects.dk\/wp-content\/uploads\/2023\/05\/UNADJUSTEDNONRAW_thumb_44c.jpg\" alt=\"\" class=\"wp-image-1148 size-full\" srcset=\"https:\/\/plasticprojects.dk\/wp-content\/uploads\/2023\/05\/UNADJUSTEDNONRAW_thumb_44c.jpg 1024w, https:\/\/plasticprojects.dk\/wp-content\/uploads\/2023\/05\/UNADJUSTEDNONRAW_thumb_44c-300x225.jpg 300w, https:\/\/plasticprojects.dk\/wp-content\/uploads\/2023\/05\/UNADJUSTEDNONRAW_thumb_44c-768x576.jpg 768w, https:\/\/plasticprojects.dk\/wp-content\/uploads\/2023\/05\/UNADJUSTEDNONRAW_thumb_44c-600x450.jpg 600w, https:\/\/plasticprojects.dk\/wp-content\/uploads\/2023\/05\/UNADJUSTEDNONRAW_thumb_44c-1000x750.jpg 1000w\" sizes=\"auto, (max-width: 1024px) 100vw, 1024px\" \/><\/figure><\/div>\n\n\n\n<div class=\"wp-block-media-text alignwide is-stacked-on-mobile\"><figure class=\"wp-block-media-text__media\"><img loading=\"lazy\" decoding=\"async\" width=\"683\" height=\"1024\" src=\"https:\/\/plasticprojects.dk\/wp-content\/uploads\/2023\/05\/UNADJUSTEDNONRAW_thumb_654-683x1024.jpg\" alt=\"\" class=\"wp-image-1142 size-full\" srcset=\"https:\/\/plasticprojects.dk\/wp-content\/uploads\/2023\/05\/UNADJUSTEDNONRAW_thumb_654-683x1024.jpg 683w, https:\/\/plasticprojects.dk\/wp-content\/uploads\/2023\/05\/UNADJUSTEDNONRAW_thumb_654-200x300.jpg 200w, https:\/\/plasticprojects.dk\/wp-content\/uploads\/2023\/05\/UNADJUSTEDNONRAW_thumb_654-600x900.jpg 600w, https:\/\/plasticprojects.dk\/wp-content\/uploads\/2023\/05\/UNADJUSTEDNONRAW_thumb_654.jpg 724w\" sizes=\"auto, (max-width: 683px) 100vw, 683px\" \/><\/figure><div class=\"wp-block-media-text__content\">\n<p>Foldebord med bordplade i 100% genanvendt plast (HDPE) <\/p>\n\n\n\n<p>Design: Nadia Metzsch &amp; Julie Dines<\/p>\n<\/div><\/div>\n\n\n\n<div class=\"wp-block-media-text alignwide has-media-on-the-right is-stacked-on-mobile\"><div class=\"wp-block-media-text__content\">\n<p>Roskilde pavillon <\/p>\n<\/div><figure class=\"wp-block-media-text__media\"><img loading=\"lazy\" decoding=\"async\" width=\"1024\" height=\"768\" src=\"https:\/\/plasticprojects.dk\/wp-content\/uploads\/2023\/04\/CF52C7E0-C65D-4C86-99D8-7A60DCD2F0BF-1024x768.jpg\" alt=\"Se projekter med genbrugsplastik\" class=\"wp-image-1066 size-full\" srcset=\"https:\/\/plasticprojects.dk\/wp-content\/uploads\/2023\/04\/CF52C7E0-C65D-4C86-99D8-7A60DCD2F0BF-1024x768.jpg 1024w, https:\/\/plasticprojects.dk\/wp-content\/uploads\/2023\/04\/CF52C7E0-C65D-4C86-99D8-7A60DCD2F0BF-600x450.jpg 600w, https:\/\/plasticprojects.dk\/wp-content\/uploads\/2023\/04\/CF52C7E0-C65D-4C86-99D8-7A60DCD2F0BF-1000x750.jpg 1000w, https:\/\/plasticprojects.dk\/wp-content\/uploads\/2023\/04\/CF52C7E0-C65D-4C86-99D8-7A60DCD2F0BF-300x225.jpg 300w, https:\/\/plasticprojects.dk\/wp-content\/uploads\/2023\/04\/CF52C7E0-C65D-4C86-99D8-7A60DCD2F0BF-768x576.jpg 768w, https:\/\/plasticprojects.dk\/wp-content\/uploads\/2023\/04\/CF52C7E0-C65D-4C86-99D8-7A60DCD2F0BF-1536x1152.jpg 1536w, https:\/\/plasticprojects.dk\/wp-content\/uploads\/2023\/04\/CF52C7E0-C65D-4C86-99D8-7A60DCD2F0BF-1200x900.jpg 1200w, https:\/\/plasticprojects.dk\/wp-content\/uploads\/2023\/04\/CF52C7E0-C65D-4C86-99D8-7A60DCD2F0BF-1860x1395.jpg 1860w\" sizes=\"auto, (max-width: 1024px) 100vw, 1024px\" \/><\/figure><\/div>\n","protected":false},"excerpt":{"rendered":"<p>Plastic is a very versatile material<br \/>\nBord i genbrugsplast <\/p>\n","protected":false},"author":8,"featured_media":0,"parent":0,"menu_order":0,"comment_status":"closed","ping_status":"closed","template":"","meta":{"_coblocks_attr":"Arial,Arial","_coblocks_dimensions":"","_coblocks_responsive_height":"","_coblocks_accordion_ie_support":"","inline_featured_image":false,"footnotes":""},"class_list":["post-919","page","type-page","status-publish","hentry","missing-thumbnail"],"yoast_head":"<!-- This site is optimized with the Yoast SEO plugin v21.6 - https:\/\/yoast.com\/wordpress\/plugins\/seo\/ -->\n<title>Plastic Projects - Projects - Plastic is a very versatile material<\/title>\n<meta name=\"description\" content=\"Plastic is a strong and versatile material and can be used in many ways. We make custom panels and products.\" \/>\n<meta name=\"robots\" content=\"index, follow, max-snippet:-1, max-image-preview:large, max-video-preview:-1\" \/>\n<link rel=\"canonical\" href=\"https:\/\/plasticprojects.dk\/index.php\/projects\/\" \/>\n<meta property=\"og:locale\" content=\"en_US\" \/>\n<meta property=\"og:type\" content=\"article\" \/>\n<meta property=\"og:title\" content=\"Plastic Projects - Projects - Plastic is a very versatile material\" \/>\n<meta property=\"og:description\" content=\"Plastic is a strong and versatile material and can be used in many ways. We make custom panels and products.\" \/>\n<meta property=\"og:url\" content=\"https:\/\/plasticprojects.dk\/index.php\/projects\/\" \/>\n<meta property=\"og:site_name\" content=\"Plastic Projects\" \/>\n<meta property=\"article:modified_time\" content=\"2024-03-05T11:22:17+00:00\" \/>\n<meta property=\"og:image\" content=\"https:\/\/plasticprojects.dk\/wp-content\/uploads\/2023\/04\/UNADJUSTEDNONRAW_thumb_499.jpg\" \/>\n<meta name=\"twitter:card\" content=\"summary_large_image\" \/>\n<meta name=\"twitter:label1\" content=\"Est. reading time\" \/>\n\t<meta name=\"twitter:data1\" content=\"1 minute\" \/>\n<script type=\"application\/ld+json\" class=\"yoast-schema-graph\">{\"@context\":\"https:\/\/schema.org\",\"@graph\":[{\"@type\":\"WebPage\",\"@id\":\"https:\/\/plasticprojects.dk\/index.php\/projects\/\",\"url\":\"https:\/\/plasticprojects.dk\/index.php\/projects\/\",\"name\":\"Plastic Projects - Projects - Plastic is a very versatile material\",\"isPartOf\":{\"@id\":\"https:\/\/plasticprojects.dk\/#website\"},\"datePublished\":\"2023-04-27T14:57:08+00:00\",\"dateModified\":\"2024-03-05T11:22:17+00:00\",\"description\":\"Plastic is a strong and versatile material and can be used in many ways. We make custom panels and products.\",\"breadcrumb\":{\"@id\":\"https:\/\/plasticprojects.dk\/index.php\/projects\/#breadcrumb\"},\"inLanguage\":\"en-US\",\"potentialAction\":[{\"@type\":\"ReadAction\",\"target\":[\"https:\/\/plasticprojects.dk\/index.php\/projects\/\"]}]},{\"@type\":\"BreadcrumbList\",\"@id\":\"https:\/\/plasticprojects.dk\/index.php\/projects\/#breadcrumb\",\"itemListElement\":[{\"@type\":\"ListItem\",\"position\":1,\"name\":\"Home\",\"item\":\"https:\/\/plasticprojects.dk\/\"},{\"@type\":\"ListItem\",\"position\":2,\"name\":\"Projekter\"}]},{\"@type\":\"WebSite\",\"@id\":\"https:\/\/plasticprojects.dk\/#website\",\"url\":\"https:\/\/plasticprojects.dk\/\",\"name\":\"Plastic Projects\",\"description\":\"\u00c6stetisk genbrugsplast\",\"publisher\":{\"@id\":\"https:\/\/plasticprojects.dk\/#organization\"},\"potentialAction\":[{\"@type\":\"SearchAction\",\"target\":{\"@type\":\"EntryPoint\",\"urlTemplate\":\"https:\/\/plasticprojects.dk\/?s={search_term_string}\"},\"query-input\":\"required name=search_term_string\"}],\"inLanguage\":\"en-US\"},{\"@type\":\"Organization\",\"@id\":\"https:\/\/plasticprojects.dk\/#organization\",\"name\":\"Plastic Projects\",\"url\":\"https:\/\/plasticprojects.dk\/\",\"logo\":{\"@type\":\"ImageObject\",\"inLanguage\":\"en-US\",\"@id\":\"https:\/\/plasticprojects.dk\/#\/schema\/logo\/image\/\",\"url\":\"https:\/\/plasticprojects.dk\/wp-content\/uploads\/2023\/06\/UNADJUSTEDNONRAW_thumb_66e.jpg\",\"contentUrl\":\"https:\/\/plasticprojects.dk\/wp-content\/uploads\/2023\/06\/UNADJUSTEDNONRAW_thumb_66e.jpg\",\"width\":768,\"height\":1024,\"caption\":\"Plastic Projects\"},\"image\":{\"@id\":\"https:\/\/plasticprojects.dk\/#\/schema\/logo\/image\/\"},\"sameAs\":[\"https:\/\/www.instagram.com\/plasticprojects_\/\",\"https:\/\/www.linkedin.com\/company\/plastic-projects\/?viewAsMember=true\"]}]}<\/script>\n<!-- \/ Yoast SEO plugin. -->","yoast_head_json":{"title":"Plastic Projects - Projects - Plastic is a very versatile material","description":"Plastic is a strong and versatile material and can be used in many ways. We make custom panels and products.","robots":{"index":"index","follow":"follow","max-snippet":"max-snippet:-1","max-image-preview":"max-image-preview:large","max-video-preview":"max-video-preview:-1"},"canonical":"https:\/\/plasticprojects.dk\/index.php\/projects\/","og_locale":"en_US","og_type":"article","og_title":"Plastic Projects - Projects - Plastic is a very versatile material","og_description":"Plastic is a strong and versatile material and can be used in many ways. We make custom panels and products.","og_url":"https:\/\/plasticprojects.dk\/index.php\/projects\/","og_site_name":"Plastic Projects","article_modified_time":"2024-03-05T11:22:17+00:00","og_image":[{"url":"https:\/\/plasticprojects.dk\/wp-content\/uploads\/2023\/04\/UNADJUSTEDNONRAW_thumb_499.jpg"}],"twitter_card":"summary_large_image","twitter_misc":{"Est. reading time":"1 minute"},"schema":{"@context":"https:\/\/schema.org","@graph":[{"@type":"WebPage","@id":"https:\/\/plasticprojects.dk\/index.php\/projects\/","url":"https:\/\/plasticprojects.dk\/index.php\/projects\/","name":"Plastic Projects - Projects - Plastic is a very versatile material","isPartOf":{"@id":"https:\/\/plasticprojects.dk\/#website"},"datePublished":"2023-04-27T14:57:08+00:00","dateModified":"2024-03-05T11:22:17+00:00","description":"Plastic is a strong and versatile material and can be used in many ways. We make custom panels and products.","breadcrumb":{"@id":"https:\/\/plasticprojects.dk\/index.php\/projects\/#breadcrumb"},"inLanguage":"en-US","potentialAction":[{"@type":"ReadAction","target":["https:\/\/plasticprojects.dk\/index.php\/projects\/"]}]},{"@type":"BreadcrumbList","@id":"https:\/\/plasticprojects.dk\/index.php\/projects\/#breadcrumb","itemListElement":[{"@type":"ListItem","position":1,"name":"Home","item":"https:\/\/plasticprojects.dk\/"},{"@type":"ListItem","position":2,"name":"Projekter"}]},{"@type":"WebSite","@id":"https:\/\/plasticprojects.dk\/#website","url":"https:\/\/plasticprojects.dk\/","name":"Plastic Projects","description":"\u00c6stetisk genbrugsplast","publisher":{"@id":"https:\/\/plasticprojects.dk\/#organization"},"potentialAction":[{"@type":"SearchAction","target":{"@type":"EntryPoint","urlTemplate":"https:\/\/plasticprojects.dk\/?s={search_term_string}"},"query-input":"required name=search_term_string"}],"inLanguage":"en-US"},{"@type":"Organization","@id":"https:\/\/plasticprojects.dk\/#organization","name":"Plastic Projects","url":"https:\/\/plasticprojects.dk\/","logo":{"@type":"ImageObject","inLanguage":"en-US","@id":"https:\/\/plasticprojects.dk\/#\/schema\/logo\/image\/","url":"https:\/\/plasticprojects.dk\/wp-content\/uploads\/2023\/06\/UNADJUSTEDNONRAW_thumb_66e.jpg","contentUrl":"https:\/\/plasticprojects.dk\/wp-content\/uploads\/2023\/06\/UNADJUSTEDNONRAW_thumb_66e.jpg","width":768,"height":1024,"caption":"Plastic Projects"},"image":{"@id":"https:\/\/plasticprojects.dk\/#\/schema\/logo\/image\/"},"sameAs":["https:\/\/www.instagram.com\/plasticprojects_\/","https:\/\/www.linkedin.com\/company\/plastic-projects\/?viewAsMember=true"]}]}},"featured_image_src":null,"featured_image_src_square":null,"_links":{"self":[{"href":"https:\/\/plasticprojects.dk\/index.php\/wp-json\/wp\/v2\/pages\/919","targetHints":{"allow":["GET"]}}],"collection":[{"href":"https:\/\/plasticprojects.dk\/index.php\/wp-json\/wp\/v2\/pages"}],"about":[{"href":"https:\/\/plasticprojects.dk\/index.php\/wp-json\/wp\/v2\/types\/page"}],"author":[{"embeddable":true,"href":"https:\/\/plasticprojects.dk\/index.php\/wp-json\/wp\/v2\/users\/8"}],"replies":[{"embeddable":true,"href":"https:\/\/plasticprojects.dk\/index.php\/wp-json\/wp\/v2\/comments?post=919"}],"version-history":[{"count":52,"href":"https:\/\/plasticprojects.dk\/index.php\/wp-json\/wp\/v2\/pages\/919\/revisions"}],"predecessor-version":[{"id":1282,"href":"https:\/\/plasticprojects.dk\/index.php\/wp-json\/wp\/v2\/pages\/919\/revisions\/1282"}],"wp:attachment":[{"href":"https:\/\/plasticprojects.dk\/index.php\/wp-json\/wp\/v2\/media?parent=919"}],"curies":[{"name":"wp","href":"https:\/\/api.w.org\/{rel}","templated":true}]}}