{"id":1181,"date":"2023-05-18T10:22:32","date_gmt":"2023-05-18T10:22:32","guid":{"rendered":"https:\/\/plasticprojects.dk\/?post_type=product&#038;p=1181"},"modified":"2023-12-01T14:21:29","modified_gmt":"2023-12-01T14:21:29","slug":"panel-9-genbrugsplastik-plade-gron-og-hvid-terrazzo","status":"publish","type":"product","link":"https:\/\/plasticprojects.dk\/index.php\/product\/panel-9-genbrugsplastik-plade-gron-og-hvid-terrazzo\/","title":{"rendered":"Plade 9"},"content":{"rendered":"<p>Gr\u00f8n og hvid terrazzo<\/p>\n<p>Tykkelse: 15mm<\/p>\n<p>Materiale: Genanvendt HDPE<\/p>\n","protected":false},"excerpt":{"rendered":"<p>Gr\u00f8n og hvid terrazzo Tykkelse: 15mm Materiale: Genanvendt HDPE<\/p>\n","protected":false},"featured_media":1182,"template":"","meta":{"_coblocks_attr":"","_coblocks_dimensions":"","_coblocks_responsive_height":"","_coblocks_accordion_ie_support":"","inline_featured_image":false},"product_cat":[30],"product_tag":[],"class_list":["post-1181","product","type-product","status-publish","has-post-thumbnail","hentry","product_cat-15mm","has-thumbnail"],"yoast_head":"<!-- This site is optimized with the Yoast SEO plugin v21.6 - https:\/\/yoast.com\/wordpress\/plugins\/seo\/ -->\n<title>Plade 9 | Plastic Projects Genbrugsplastik plade gr\u00f8n og hvid terrazzo<\/title>\n<meta name=\"description\" content=\"Genbrugsplastik plade gr\u00f8n og hvid terrazzo Plastic Projects Plade 9 | Lavet af m\u00e6lkedunke og fiskenet i 100% genanvendt plastik\" \/>\n<meta name=\"robots\" content=\"index, follow, max-snippet:-1, max-image-preview:large, max-video-preview:-1\" \/>\n<link rel=\"canonical\" href=\"https:\/\/plasticprojects.dk\/index.php\/product\/panel-9-genbrugsplastik-plade-gron-og-hvid-terrazzo\/\" \/>\n<meta property=\"og:locale\" content=\"en_US\" \/>\n<meta property=\"og:type\" content=\"article\" \/>\n<meta property=\"og:title\" content=\"Plade 9 | Plastic Projects Genbrugsplastik plade gr\u00f8n og hvid terrazzo\" \/>\n<meta property=\"og:description\" content=\"Genbrugsplastik plade gr\u00f8n og hvid terrazzo Plastic Projects Plade 9 | Lavet af m\u00e6lkedunke og fiskenet i 100% genanvendt plastik\" \/>\n<meta property=\"og:url\" content=\"https:\/\/plasticprojects.dk\/index.php\/product\/panel-9-genbrugsplastik-plade-gron-og-hvid-terrazzo\/\" \/>\n<meta property=\"og:site_name\" content=\"Plastic Projects\" \/>\n<meta property=\"article:modified_time\" content=\"2023-12-01T14:21:29+00:00\" \/>\n<meta property=\"og:image\" content=\"https:\/\/plasticprojects.dk\/wp-content\/uploads\/2023\/05\/UNADJUSTEDNONRAW_thumb_664.jpg\" \/>\n\t<meta property=\"og:image:width\" content=\"768\" \/>\n\t<meta property=\"og:image:height\" content=\"1024\" \/>\n\t<meta property=\"og:image:type\" content=\"image\/jpeg\" \/>\n<meta name=\"twitter:card\" content=\"summary_large_image\" \/>\n<script type=\"application\/ld+json\" class=\"yoast-schema-graph\">{\"@context\":\"https:\/\/schema.org\",\"@graph\":[{\"@type\":\"WebPage\",\"@id\":\"https:\/\/plasticprojects.dk\/index.php\/product\/panel-9-genbrugsplastik-plade-gron-og-hvid-terrazzo\/\",\"url\":\"https:\/\/plasticprojects.dk\/index.php\/product\/panel-9-genbrugsplastik-plade-gron-og-hvid-terrazzo\/\",\"name\":\"Plade 9 | Plastic Projects Genbrugsplastik plade gr\u00f8n og hvid terrazzo\",\"isPartOf\":{\"@id\":\"https:\/\/plasticprojects.dk\/#website\"},\"datePublished\":\"2023-05-18T10:22:32+00:00\",\"dateModified\":\"2023-12-01T14:21:29+00:00\",\"description\":\"Genbrugsplastik plade gr\u00f8n og hvid terrazzo Plastic Projects Plade 9 | Lavet af m\u00e6lkedunke og fiskenet i 100% genanvendt plastik\",\"breadcrumb\":{\"@id\":\"https:\/\/plasticprojects.dk\/index.php\/product\/panel-9-genbrugsplastik-plade-gron-og-hvid-terrazzo\/#breadcrumb\"},\"inLanguage\":\"en-US\",\"potentialAction\":[{\"@type\":\"ReadAction\",\"target\":[\"https:\/\/plasticprojects.dk\/index.php\/product\/panel-9-genbrugsplastik-plade-gron-og-hvid-terrazzo\/\"]}]},{\"@type\":\"BreadcrumbList\",\"@id\":\"https:\/\/plasticprojects.dk\/index.php\/product\/panel-9-genbrugsplastik-plade-gron-og-hvid-terrazzo\/#breadcrumb\",\"itemListElement\":[{\"@type\":\"ListItem\",\"position\":1,\"name\":\"Home\",\"item\":\"https:\/\/plasticprojects.dk\/\"},{\"@type\":\"ListItem\",\"position\":2,\"name\":\"Plade 9\"}]},{\"@type\":\"WebSite\",\"@id\":\"https:\/\/plasticprojects.dk\/#website\",\"url\":\"https:\/\/plasticprojects.dk\/\",\"name\":\"Plastic Projects\",\"description\":\"\u00c6stetisk genbrugsplast\",\"publisher\":{\"@id\":\"https:\/\/plasticprojects.dk\/#organization\"},\"potentialAction\":[{\"@type\":\"SearchAction\",\"target\":{\"@type\":\"EntryPoint\",\"urlTemplate\":\"https:\/\/plasticprojects.dk\/?s={search_term_string}\"},\"query-input\":\"required name=search_term_string\"}],\"inLanguage\":\"en-US\"},{\"@type\":\"Organization\",\"@id\":\"https:\/\/plasticprojects.dk\/#organization\",\"name\":\"Plastic Projects\",\"url\":\"https:\/\/plasticprojects.dk\/\",\"logo\":{\"@type\":\"ImageObject\",\"inLanguage\":\"en-US\",\"@id\":\"https:\/\/plasticprojects.dk\/#\/schema\/logo\/image\/\",\"url\":\"https:\/\/plasticprojects.dk\/wp-content\/uploads\/2023\/06\/UNADJUSTEDNONRAW_thumb_66e.jpg\",\"contentUrl\":\"https:\/\/plasticprojects.dk\/wp-content\/uploads\/2023\/06\/UNADJUSTEDNONRAW_thumb_66e.jpg\",\"width\":768,\"height\":1024,\"caption\":\"Plastic Projects\"},\"image\":{\"@id\":\"https:\/\/plasticprojects.dk\/#\/schema\/logo\/image\/\"},\"sameAs\":[\"https:\/\/www.instagram.com\/plasticprojects_\/\",\"https:\/\/www.linkedin.com\/company\/plastic-projects\/?viewAsMember=true\"]}]}<\/script>\n<!-- \/ Yoast SEO plugin. -->","yoast_head_json":{"title":"Plade 9 | Plastic Projects Genbrugsplastik plade gr\u00f8n og hvid terrazzo","description":"Genbrugsplastik plade gr\u00f8n og hvid terrazzo Plastic Projects Plade 9 | Lavet af m\u00e6lkedunke og fiskenet i 100% genanvendt plastik","robots":{"index":"index","follow":"follow","max-snippet":"max-snippet:-1","max-image-preview":"max-image-preview:large","max-video-preview":"max-video-preview:-1"},"canonical":"https:\/\/plasticprojects.dk\/index.php\/product\/panel-9-genbrugsplastik-plade-gron-og-hvid-terrazzo\/","og_locale":"en_US","og_type":"article","og_title":"Plade 9 | Plastic Projects Genbrugsplastik plade gr\u00f8n og hvid terrazzo","og_description":"Genbrugsplastik plade gr\u00f8n og hvid terrazzo Plastic Projects Plade 9 | Lavet af m\u00e6lkedunke og fiskenet i 100% genanvendt plastik","og_url":"https:\/\/plasticprojects.dk\/index.php\/product\/panel-9-genbrugsplastik-plade-gron-og-hvid-terrazzo\/","og_site_name":"Plastic Projects","article_modified_time":"2023-12-01T14:21:29+00:00","og_image":[{"width":768,"height":1024,"url":"https:\/\/plasticprojects.dk\/wp-content\/uploads\/2023\/05\/UNADJUSTEDNONRAW_thumb_664.jpg","type":"image\/jpeg"}],"twitter_card":"summary_large_image","schema":{"@context":"https:\/\/schema.org","@graph":[{"@type":"WebPage","@id":"https:\/\/plasticprojects.dk\/index.php\/product\/panel-9-genbrugsplastik-plade-gron-og-hvid-terrazzo\/","url":"https:\/\/plasticprojects.dk\/index.php\/product\/panel-9-genbrugsplastik-plade-gron-og-hvid-terrazzo\/","name":"Plade 9 | Plastic Projects Genbrugsplastik plade gr\u00f8n og hvid terrazzo","isPartOf":{"@id":"https:\/\/plasticprojects.dk\/#website"},"datePublished":"2023-05-18T10:22:32+00:00","dateModified":"2023-12-01T14:21:29+00:00","description":"Genbrugsplastik plade gr\u00f8n og hvid terrazzo Plastic Projects Plade 9 | Lavet af m\u00e6lkedunke og fiskenet i 100% genanvendt plastik","breadcrumb":{"@id":"https:\/\/plasticprojects.dk\/index.php\/product\/panel-9-genbrugsplastik-plade-gron-og-hvid-terrazzo\/#breadcrumb"},"inLanguage":"en-US","potentialAction":[{"@type":"ReadAction","target":["https:\/\/plasticprojects.dk\/index.php\/product\/panel-9-genbrugsplastik-plade-gron-og-hvid-terrazzo\/"]}]},{"@type":"BreadcrumbList","@id":"https:\/\/plasticprojects.dk\/index.php\/product\/panel-9-genbrugsplastik-plade-gron-og-hvid-terrazzo\/#breadcrumb","itemListElement":[{"@type":"ListItem","position":1,"name":"Home","item":"https:\/\/plasticprojects.dk\/"},{"@type":"ListItem","position":2,"name":"Plade 9"}]},{"@type":"WebSite","@id":"https:\/\/plasticprojects.dk\/#website","url":"https:\/\/plasticprojects.dk\/","name":"Plastic Projects","description":"\u00c6stetisk genbrugsplast","publisher":{"@id":"https:\/\/plasticprojects.dk\/#organization"},"potentialAction":[{"@type":"SearchAction","target":{"@type":"EntryPoint","urlTemplate":"https:\/\/plasticprojects.dk\/?s={search_term_string}"},"query-input":"required name=search_term_string"}],"inLanguage":"en-US"},{"@type":"Organization","@id":"https:\/\/plasticprojects.dk\/#organization","name":"Plastic Projects","url":"https:\/\/plasticprojects.dk\/","logo":{"@type":"ImageObject","inLanguage":"en-US","@id":"https:\/\/plasticprojects.dk\/#\/schema\/logo\/image\/","url":"https:\/\/plasticprojects.dk\/wp-content\/uploads\/2023\/06\/UNADJUSTEDNONRAW_thumb_66e.jpg","contentUrl":"https:\/\/plasticprojects.dk\/wp-content\/uploads\/2023\/06\/UNADJUSTEDNONRAW_thumb_66e.jpg","width":768,"height":1024,"caption":"Plastic Projects"},"image":{"@id":"https:\/\/plasticprojects.dk\/#\/schema\/logo\/image\/"},"sameAs":["https:\/\/www.instagram.com\/plasticprojects_\/","https:\/\/www.linkedin.com\/company\/plastic-projects\/?viewAsMember=true"]}]}},"_links":{"self":[{"href":"https:\/\/plasticprojects.dk\/index.php\/wp-json\/wp\/v2\/product\/1181","targetHints":{"allow":["GET"]}}],"collection":[{"href":"https:\/\/plasticprojects.dk\/index.php\/wp-json\/wp\/v2\/product"}],"about":[{"href":"https:\/\/plasticprojects.dk\/index.php\/wp-json\/wp\/v2\/types\/product"}],"wp:featuredmedia":[{"embeddable":true,"href":"https:\/\/plasticprojects.dk\/index.php\/wp-json\/wp\/v2\/media\/1182"}],"wp:attachment":[{"href":"https:\/\/plasticprojects.dk\/index.php\/wp-json\/wp\/v2\/media?parent=1181"}],"wp:term":[{"taxonomy":"product_cat","embeddable":true,"href":"https:\/\/plasticprojects.dk\/index.php\/wp-json\/wp\/v2\/product_cat?post=1181"},{"taxonomy":"product_tag","embeddable":true,"href":"https:\/\/plasticprojects.dk\/index.php\/wp-json\/wp\/v2\/product_tag?post=1181"}],"curies":[{"name":"wp","href":"https:\/\/api.w.org\/{rel}","templated":true}]}}